{"id":1049,"date":"2017-10-10T13:12:28","date_gmt":"2017-10-10T10:12:28","guid":{"rendered":"http:\/\/www.lakstingala.vilnius.lm.lt\/?page_id=1049"},"modified":"2025-10-08T14:09:48","modified_gmt":"2025-10-08T11:09:48","slug":"lopselio-darzelio-psichologas","status":"publish","type":"page","link":"https:\/\/www.lakstingala.vilnius.lm.lt\/?page_id=1049","title":{"rendered":"Lop\u0161elio-dar\u017eelio psichologas"},"content":{"rendered":"<h1 style=\"text-align: center;\" align=\"center\"><span style=\"color: #2a2a2a;\"><span style=\"font-family: 'Times New Roman', serif;\"><span style=\"font-size: xx-large;\"><b>\u012e LOP\u0160ELIO-DAR\u017dELIO PSICHOLOG\u0104 <\/b><\/span><\/span><\/span><\/h1>\n<h1 style=\"text-align: center;\" align=\"center\"><span style=\"color: #2a2a2a;\"><span style=\"font-family: 'Times New Roman', serif;\"><span style=\"font-size: xx-large;\"><b>KREIPKIT\u0116S \u0160IAIS KLAUSIMAIS<\/b><\/span><\/span><\/span><\/h1>\n<p><a href=\"http:\/\/www.lakstingala.vilnius.lm.lt\/?attachment_id=1050\"><img loading=\"lazy\" decoding=\"async\" class=\"aligncenter wp-image-1050 size-large\" src=\"http:\/\/www.lakstingala.vilnius.lm.lt\/wp-content\/uploads\/2017\/10\/psichologas-1024x551.png\" alt=\"\" width=\"584\" height=\"314\" srcset=\"https:\/\/www.lakstingala.vilnius.lm.lt\/wp-content\/uploads\/2017\/10\/psichologas-1024x551.png 1024w, https:\/\/www.lakstingala.vilnius.lm.lt\/wp-content\/uploads\/2017\/10\/psichologas-300x161.png 300w, https:\/\/www.lakstingala.vilnius.lm.lt\/wp-content\/uploads\/2017\/10\/psichologas-768x413.png 768w, https:\/\/www.lakstingala.vilnius.lm.lt\/wp-content\/uploads\/2017\/10\/psichologas-500x269.png 500w, https:\/\/www.lakstingala.vilnius.lm.lt\/wp-content\/uploads\/2017\/10\/psichologas.png 1760w\" sizes=\"(max-width: 584px) 100vw, 584px\" \/><\/a><\/p>\n<div style=\"text-align: center;\">Just\u0117 Aleksi\u016bnait\u0117 darbo grafikas<\/div>\n<div style=\"text-align: center;\">ANTRADIENIS 8:30-15:00;&nbsp;<\/div>\n<div style=\"text-align: center;\">TRE\u010cIADIENIS 8:00-11:45<\/div>\n<div style=\"text-align: center;\">KETVIRTADIENIS 9:00-15:00<\/div>\n<p style=\"text-align: center;\">Nor<span lang=\"EN-US\">\u0117dami pasitarti su psichologe&nbsp;ar u\u017esira\u0161yti konsultacijai&nbsp;kreipkit\u0117s<\/span><\/p>\n<p style=\"text-align: center;\">Konsultacij\u0173 informacija yra<strong><u>&nbsp;konfidenciali<\/u><\/strong>.<\/p>\n<p align=\"center\">Rekomenduojamos knygos t\u0117vams&nbsp;<\/p>\n<p align=\"center\"><a href=\"http:\/\/www.lakstingala.vilnius.lm.lt\/?attachment_id=2870\"><img loading=\"lazy\" decoding=\"async\" class=\"aligncenter wp-image-2870 size-medium\" src=\"http:\/\/www.lakstingala.vilnius.lm.lt\/wp-content\/uploads\/2017\/10\/knygos-300x174.png\" alt=\"\" width=\"300\" height=\"174\" srcset=\"https:\/\/www.lakstingala.vilnius.lm.lt\/wp-content\/uploads\/2017\/10\/knygos-300x174.png 300w, https:\/\/www.lakstingala.vilnius.lm.lt\/wp-content\/uploads\/2017\/10\/knygos-768x445.png 768w, https:\/\/www.lakstingala.vilnius.lm.lt\/wp-content\/uploads\/2017\/10\/knygos-1024x593.png 1024w, https:\/\/www.lakstingala.vilnius.lm.lt\/wp-content\/uploads\/2017\/10\/knygos-500x289.png 500w, https:\/\/www.lakstingala.vilnius.lm.lt\/wp-content\/uploads\/2017\/10\/knygos.png 1102w\" sizes=\"(max-width: 300px) 100vw, 300px\" \/><\/a><\/p>\n","protected":false},"excerpt":{"rendered":"<p>\u012e LOP\u0160ELIO-DAR\u017dELIO PSICHOLOG\u0104 KREIPKIT\u0116S \u0160IAIS KLAUSIMAIS Just\u0117 Aleksi\u016bnait\u0117 darbo grafikas ANTRADIENIS 8:30-15:00;&nbsp; TRE\u010cIADIENIS 8:00-11:45 KETVIRTADIENIS 9:00-15:00 Nor\u0117dami pasitarti su psichologe&nbsp;ar u\u017esira\u0161yti konsultacijai&nbsp;kreipkit\u0117s Konsultacij\u0173 informacija yra&nbsp;konfidenciali. Rekomenduojamos knygos t\u0117vams&nbsp;<\/p>\n","protected":false},"author":1,"featured_media":0,"parent":148,"menu_order":0,"comment_status":"closed","ping_status":"closed","template":"","meta":{"ngg_post_thumbnail":0,"footnotes":""},"_links":{"self":[{"href":"https:\/\/www.lakstingala.vilnius.lm.lt\/index.php?rest_route=\/wp\/v2\/pages\/1049"}],"collection":[{"href":"https:\/\/www.lakstingala.vilnius.lm.lt\/index.php?rest_route=\/wp\/v2\/pages"}],"about":[{"href":"https:\/\/www.lakstingala.vilnius.lm.lt\/index.php?rest_route=\/wp\/v2\/types\/page"}],"author":[{"embeddable":true,"href":"https:\/\/www.lakstingala.vilnius.lm.lt\/index.php?rest_route=\/wp\/v2\/users\/1"}],"replies":[{"embeddable":true,"href":"https:\/\/www.lakstingala.vilnius.lm.lt\/index.php?rest_route=%2Fwp%2Fv2%2Fcomments&post=1049"}],"version-history":[{"count":12,"href":"https:\/\/www.lakstingala.vilnius.lm.lt\/index.php?rest_route=\/wp\/v2\/pages\/1049\/revisions"}],"predecessor-version":[{"id":5057,"href":"https:\/\/www.lakstingala.vilnius.lm.lt\/index.php?rest_route=\/wp\/v2\/pages\/1049\/revisions\/5057"}],"up":[{"embeddable":true,"href":"https:\/\/www.lakstingala.vilnius.lm.lt\/index.php?rest_route=\/wp\/v2\/pages\/148"}],"wp:attachment":[{"href":"https:\/\/www.lakstingala.vilnius.lm.lt\/index.php?rest_route=%2Fwp%2Fv2%2Fmedia&parent=1049"}],"curies":[{"name":"wp","href":"https:\/\/api.w.org\/{rel}","templated":true}]}}