{"id":1254,"date":"2018-01-24T13:17:19","date_gmt":"2018-01-24T11:17:19","guid":{"rendered":"http:\/\/www.lakstingala.vilnius.lm.lt\/?page_id=1254"},"modified":"2023-12-08T14:53:53","modified_gmt":"2023-12-08T12:53:53","slug":"maitinimas","status":"publish","type":"page","link":"https:\/\/www.lakstingala.vilnius.lm.lt\/?page_id=1254","title":{"rendered":"Maitinimas"},"content":{"rendered":"<ul>\n<li><a href=\"http:\/\/www.lakstingala.vilnius.lm.lt\/wp-content\/uploads\/2018\/01\/D\u0117l-maitinimo-organizavimo-apra\u0161o-patvirtinimo.pdf\" target=\"_blank\" rel=\"noopener noreferrer\">D\u0117l maitinimo organizavimo apra\u0161o patvirtinimo<\/a><\/li>\n<li><a href=\"http:\/\/www.lakstingala.vilnius.lm.lt\/wp-content\/uploads\/2018\/01\/Pritaikyto-mait_rek-1.pdf\" target=\"_blank\" rel=\"noopener noreferrer\">Pritaikyto maitinimo valgiara\u0161\u010di\u0173 sudarymo rekomendacijos<\/a><\/li>\n<li><a href=\"http:\/\/www.lakstingala.vilnius.lm.lt\/wp-content\/uploads\/2021\/04\/Daviniai-1.pdf\" target=\"_blank\" rel=\"noopener noreferrer\">Nemokamo maitinimo sausi daviniai prie\u0161mokyklinio ugdymo vaikams<\/a><\/li>\n<\/ul>\n<p><strong>Lop\u0161elyje\u2013<\/strong><strong>dar\u017eelyje<\/strong> vaikai maitinami 3 kartus per dien\u0105 &nbsp;(pusry\u010diai, piet\u016bs ir vakarien\u0117).<\/p>\n<p><a href=\"http:\/\/www.lakstingala.vilnius.lm.lt\/wp-content\/uploads\/2023\/12\/Lak\u0161tingala-integracinis-RUDUO-\u017dIEMA.pdf\" target=\"_blank\" rel=\"noopener noreferrer\">LOP\u0160ELIO DAR\u017dELIO \u201eLak\u0161tingala\u201c VALGIARA\u0160TIS<\/a><\/p>\n<p>Papildomai vaikai gauna pieno produkt\u0173 pagal paramos program\u0105&nbsp;<strong>&#8222;Pienas vaikams&#8221;<\/strong>&nbsp;ir vaisi\u0173 pagal&nbsp;<strong>\u201eVaisi\u0173 ir dar\u017eovi\u0173 vartojimo skatinimas mokyklose\u201c<\/strong>&nbsp;program\u0105.<\/p>\n<p>Maistas gaminamas lop\u0161elio-dar\u017eelio virtuv\u0117je. Maist\u0105 ruo\u0161ia ir u\u017e jo kokyb\u0119 atsako vir\u0117jos. U\u017e mitybos organizavim\u0105, jo kokyb\u0119, gamybos prie\u017ei\u016br\u0105 atsako dar\u017eelio dietist\u0117.<\/p>\n<p>Organizuojant vaik\u0173 maitinim\u0105 yra sudaromas perspektyvinis valgiara\u0161tis trim savait\u0117m su apskai\u010diuota paros maisto raciono energetine verte. Valgiara\u0161t\u012f tikrina ir tvirtina Valstybin\u0117 maisto ir veterinarijos tarnyba.<\/p>\n<p><strong>Trij\u0173 kart\u0173 maitinimo kaina :<\/strong><\/p>\n<ul>\n<li>lop\u0161elio grup\u0117se&nbsp;\u2013 2,20 Eur.<\/li>\n<li>dar\u017eelio grup\u0117se&nbsp; \u2013 2,50 Eur.<\/li>\n<\/ul>\n<p><strong>Lop\u0161elis-dar\u017eelis<\/strong> dalyvauja iniciatyvoje <a href=\"http:\/\/www.lakstingala.vilnius.lm.lt\/wp-content\/uploads\/2018\/01\/Plakatas-Nr.1-Internetui-1.jpg\" target=\"_blank\" rel=\"noopener noreferrer\">\u201eSveikatai palankus\u201c<\/a> ir pradeda integruoti sveikatai palankius patiekalus, naudojasi R.&nbsp;Bogu\u0161ien\u0117s rekomenduojamu ,,Sveikatai palanki\u0173 technologini\u0173 korteli\u0173 ir valgiara\u0161\u010di\u0173 rinkiniu\u201c.&nbsp;<\/p>\n<p><strong>Maitinimas organizuojamas vadovaujantis:<\/strong><\/p>\n<ol>\n<li>Lietuvos Respublikos sveikatos apsaugos ministro 2011 m. lapkri\u010dio 11 d. \u012fsakymu Nr.V-964 \u201eD\u0117l maitinimo organizavimo ikimokyklinio ugdymo, bendrojo ugdymo mokyklose ir vaik\u0173 socialin\u0117s globos \u012fstaigose tvarkos apra\u0161o patvirtinimo\u201d reikalavimais (SAM tvarkos apra\u0161as);<\/li>\n<li>Lietuvos Respublikos sveikatos apsaugos ministro 1999 m. lapkri\u010dio 25 d. \u012fsakymu Nr.510 \u201eD\u0117l rekomenduojam\u0173 paros maistini\u0173 med\u017eiag\u0173 ir energijos norm\u0173 tvirtinimo\u201c reikalavimais<\/li>\n<li>Valstybin\u0117s maisto ir veterinarijos tarnybos direktoriaus 2015 m. bir\u017eelio 22 d. \u012fsakymu Nr. B1-610 \u201eD\u0117l Vaik\u0173 ugdymo \u012fstaig\u0173, vaik\u0173 socialin\u0117s globos \u012fstaig\u0173 ir vaik\u0173 poilsio stovykl\u0173 valgiara\u0161\u010di\u0173 derinimo tvarkos apra\u0161o patvirtinimo\u201c reikalavimais (VMVT apra\u0161as).<\/li>\n<li>Bogu\u0161ien\u0117s &#8222;Sveikatai palanki\u0173 tecnhologini\u0173 korteli\u0173 ir valgiara\u0161\u010di\u0173 rinkiniu\u201c, \u201ePavyzdiniu ikimokyklini\u0173 \u012fstaig\u0173 15 dien\u0173 perspektyvini\u0173 valgiara\u0161\u010di\u0173 ir patiekal\u0173 recept\u016br\u0173 rinkiniu\u201c, 15 dien\u0173 perspektyviniu valgiara\u0161\u010diu ikimokyklinio ugdymo \u012fstaigoms\u201c.<\/li>\n<\/ol>\n<p><a href=\"http:\/\/www.lakstingala.vilnius.lm.lt\/wp-content\/uploads\/2018\/09\/Aprasoisakymas_adoc.pdf\" target=\"_blank\" rel=\"noopener noreferrer\">D\u0116L VAIK\u0172 MAITINIMO ORGANIZAVIMO TVARKOS APRA\u0160O PATVIRTINIMO<\/a><\/p>\n<p>Informuojame, kad 2020 m. rugs\u0117jo 1 d. \u012fsigalioja Lietuvos Respublikos socialin\u0117s paramos mokiniams \u012fstatymo nuostata d\u0117l visuotinio prie\u0161mokyklinuk\u0173 ir pirmok\u0173 nemokamo maitinimo, pagal kuri\u0105&nbsp;<strong>nuo 2020 m. rugs\u0117jo 1 d. mokiniai, kurie mokosi&nbsp;<\/strong>visose mokyklose, \u012fskaitant nevalstybines mokyklas ir dar\u017eelius,&nbsp;<strong>pagal prie\u0161mokyklinio ugdymo program\u0105 (toliau \u2013 prie\u0161mokyklinukai) ar pagal pradinio ugdymo program\u0105 pirmoje klas\u0117je (toliau \u2013 pirmokai), \u012fgyja teis\u0119 \u012f nemokamus pietus, nevertinant \u0161eimos pajam\u0173.<\/strong>&nbsp;\u0160i\u0105 teis\u0119 \u012fgyja ir globojami vaikai, tod\u0117l d\u0117l nemokamo maitinimo mokiniams gali kreiptis ir vienas i\u0161 vaiko glob\u0117j\u0173.<\/p>\n<p>Kad pirmokui ar prie\u0161mokyklinukui b\u016bt\u0173 skirti nemokami piet\u016bs naujais 2020\/2021 mokslo metais, t\u0117vai (glob\u0117jai) turi pateikti pra\u0161ymus. Pra\u0161ymus galima prad\u0117ti teikti jau&nbsp;<strong>nuo 2020 m. liepos 1 d.<\/strong><\/p>\n<p><strong>U\u017epildyt\u0105 pra\u0161ym\u0105-parai\u0161k\u0105 gauti socialin\u0119 param\u0105 mokiniams&nbsp;(<a href=\"http:\/\/www.lakstingala.vilnius.lm.lt\/wp-content\/uploads\/2021\/02\/Prasymo-paraiskos-gauti-nemokama-maitinima-nevertinant-pajamu-SP-11A-forma.docx\" target=\"_blank\" rel=\"noopener noreferrer\" data-saferedirecturl=\"https:\/\/www.google.com\/url?q=http:\/\/www.darzelisdrugelis.lt\/wp-content\/uploads\/2020\/09\/Prasymo-paraiskos-gauti-nemokama-maitinima-nevertinant-pajamu-SP-11A-forma.docx&amp;source=gmail&amp;ust=1613388721596000&amp;usg=AFQjCNEn2dylV9FOs7JXD9_U5TENY0Hfww\">SP-11 forma pridedama)<\/a><\/strong>&nbsp;galima pateikti&nbsp;<strong>Vilniaus miesto savivaldyb\u0117s administracijos Socialini\u0173 i\u0161mok\u0173 skyriui arba mokyklos<\/strong>, kurioje mokinys mokosi,&nbsp;<strong>administracijai<\/strong>. Mokyklos administracija gaut\u0105 parei\u0161k\u0117jo u\u017epildyt\u0105 pra\u0161ym\u0105-parai\u0161k\u0105 ne v\u0117liau kaip kit\u0105 darbo dien\u0105 perduoda Socialini\u0173 i\u0161mok\u0173 skyriui pa\u0161tu arba elektronin\u0117mis ry\u0161io priemon\u0117mis (elektronin\u0117mis priemon\u0117mis teikiamas pra\u0161ymas turi b\u016bti pasira\u0161ytas kvalifikuotu elektroniniu para\u0161u arba suformuotas elektronin\u0117mis priemon\u0117mis, kurios leid\u017eia u\u017etikrinti teksto vientisum\u0105 ir nepakei\u010diamum\u0105).<\/p>\n<p><strong>Atkreipiame d\u0117mes\u012f, kad asmenys, besikreipiantys \u012f Socialini\u0173 i\u0161mok\u0173 skyri\u0173, nuo 2020 m. bir\u017eelio 1 d. aptarnaujami adresu Kauno g. 3 tik i\u0161 anksto u\u017esiregistravus telefonu 8 700 35545 ir tik tais klausimais, kuri\u0173 ne\u012fmanoma i\u0161spr\u0119sti nuotoliniu b\u016bdu.<\/strong><\/p>\n<p>Pra\u0161ymus-parai\u0161kas galima teikti \u0161iais b\u016bdais:<\/p>\n<p>\u2013 el. b\u016bdu per Socialin\u0117s paramos \u0161eimai informacin\u0119 sistem\u0105&nbsp;<a href=\"http:\/\/www.spis.lt\/\" target=\"_blank\" rel=\"noopener noreferrer\" data-saferedirecturl=\"https:\/\/www.google.com\/url?q=http:\/\/www.spis.lt\/&amp;source=gmail&amp;ust=1613388721596000&amp;usg=AFQjCNFou5xPHH_TUK7Q-TmF7XPTCUC7ig\">www.spis.lt<\/a>&nbsp;;<\/p>\n<p>\u2013 prisijungus&nbsp;<a href=\"https:\/\/paslaugos.vilnius.lt\/\" target=\"_blank\" rel=\"noopener noreferrer\" data-saferedirecturl=\"https:\/\/www.google.com\/url?q=https:\/\/paslaugos.vilnius.lt\/&amp;source=gmail&amp;ust=1613388721596000&amp;usg=AFQjCNHwvbnW1DExsVQjsuJN9mnvHZR2OQ\">https:\/\/paslaugos.<wbr>vilnius.lt<\/a>&nbsp;\u2192 Socialin\u0117s i\u0161mokos ir pasirinkus paslaug\u0105&nbsp;<a href=\"https:\/\/paslaugos.vilnius.lt\/service-list\/Socialines-paramos-mokiniams-skyrimas-\" target=\"_blank\" rel=\"noopener noreferrer\" data-saferedirecturl=\"https:\/\/www.google.com\/url?q=https:\/\/paslaugos.vilnius.lt\/service-list\/Socialines-paramos-mokiniams-skyrimas-&amp;source=gmail&amp;ust=1613388721596000&amp;usg=AFQjCNG_R30ykY0QrEN2TSSKKcjpg-8r4Q\">Socialin\u0117s paramos mokiniams skyrimas<\/a>&nbsp;u\u017epildyti pra\u0161ymo form\u0105, pasira\u0161yti ir skenuot\u0105 (nufotografuot\u0105) dokument\u0105 atsi\u0173sti el. pa\u0161tu&nbsp;<a href=\"mailto:sis@vilnius.lt\" target=\"_blank\" rel=\"noopener noreferrer\">sis@vilnius.lt<\/a>;<\/p>\n<p>\u2013 telefonu 8 700 35545 (pra\u0161ym\u0105 besikreipian\u010dio asmens vardu u\u017epildys specialistas);<\/p>\n<p>\u2013 si\u0173sti adresu Kauno g. 3, LT-01314 Vilnius.<\/p>\n<p>Ra\u0161tus ir paklausimus galima teikti el. p.&nbsp;<a href=\"mailto:sis@vilnius.lt\" target=\"_blank\" rel=\"noopener noreferrer\">sis@vilnius.lt<\/a>, taip pat per elektroninio pristatymo sistem\u0105 (<a href=\"http:\/\/epristatymas.post.lt\/\" target=\"_blank\" rel=\"noopener noreferrer\" data-saferedirecturl=\"https:\/\/www.google.com\/url?q=http:\/\/epristatymas.post.lt&amp;source=gmail&amp;ust=1613388721596000&amp;usg=AFQjCNGnKF3mpplLjeX8lumi4Pq-6Xx5Ww\">epristatymas.post.lt<\/a>) arba si\u0173sti adresu Kauno g. 3, LT-01314 Vilnius.<\/p>\n<p>Daugiau informacijos apie nemokam\u0105 mokini\u0173 maitinim\u0105:<\/p>\n<ul>\n<li>paskambinus Socialini\u0173 i\u0161mok\u0173 skyriaus bendruoju telefonu&nbsp;<strong>8 700 35545;<\/strong><\/li>\n<li>Lietuvos Respublikos socialin\u0117s paramos mokiniams \u012fstatymas (2006-06-13, Nr. X-686);<\/li>\n<li>Vilniaus miesto savivaldyb\u0117s tarybos 2019-06-19 sprendimas Nr. 1-94 \u201eD\u0117l socialin\u0117s paramos mokiniams teikimo Vilniaus miesto savivaldyb\u0117je\u201c;<\/li>\n<li>Vilniaus miesto savivaldyb\u0117s administracijos direktoriaus 2019-06-26 \u012fsakymas Nr. 30-1618\/19 \u201eD\u0117l Socialin\u0117s paramos mokiniams skyrimo ir mok\u0117jimo tvarkos apra\u0161o tvirtinimo\u201c;<\/li>\n<li>Vilniaus miesto savivaldyb\u0117s administracijos direktoriaus 2019 m. sausio 14 d. \u012fsakymas Nr. 30-90\/19 \u201eD\u0117l mokini\u0173 nemokamam maitinimui skirtiems produktams \u012fsigyti skiriam\u0173 l\u0117\u0161\u0173 dyd\u017ei\u0173 nustatymo\u201c.<\/li>\n<\/ul>\n","protected":false},"excerpt":{"rendered":"<p>D\u0117l maitinimo organizavimo apra\u0161o patvirtinimo Pritaikyto maitinimo valgiara\u0161\u010di\u0173 sudarymo rekomendacijos Nemokamo maitinimo sausi daviniai prie\u0161mokyklinio ugdymo vaikams Lop\u0161elyje\u2013dar\u017eelyje vaikai maitinami 3 kartus per dien\u0105 &nbsp;(pusry\u010diai, piet\u016bs ir vakarien\u0117). LOP\u0160ELIO DAR\u017dELIO \u201eLak\u0161tingala\u201c VALGIARA\u0160TIS Papildomai vaikai gauna pieno produkt\u0173 pagal paramos program\u0105&nbsp;&#8222;Pienas &hellip; <a href=\"https:\/\/www.lakstingala.vilnius.lm.lt\/?page_id=1254\">Skaitykite toliau <span class=\"meta-nav\">&rarr;<\/span><\/a><\/p>\n","protected":false},"author":1,"featured_media":0,"parent":74,"menu_order":0,"comment_status":"closed","ping_status":"closed","template":"","meta":{"ngg_post_thumbnail":0,"footnotes":""},"_links":{"self":[{"href":"https:\/\/www.lakstingala.vilnius.lm.lt\/index.php?rest_route=\/wp\/v2\/pages\/1254"}],"collection":[{"href":"https:\/\/www.lakstingala.vilnius.lm.lt\/index.php?rest_route=\/wp\/v2\/pages"}],"about":[{"href":"https:\/\/www.lakstingala.vilnius.lm.lt\/index.php?rest_route=\/wp\/v2\/types\/page"}],"author":[{"embeddable":true,"href":"https:\/\/www.lakstingala.vilnius.lm.lt\/index.php?rest_route=\/wp\/v2\/users\/1"}],"replies":[{"embeddable":true,"href":"https:\/\/www.lakstingala.vilnius.lm.lt\/index.php?rest_route=%2Fwp%2Fv2%2Fcomments&post=1254"}],"version-history":[{"count":16,"href":"https:\/\/www.lakstingala.vilnius.lm.lt\/index.php?rest_route=\/wp\/v2\/pages\/1254\/revisions"}],"predecessor-version":[{"id":4653,"href":"https:\/\/www.lakstingala.vilnius.lm.lt\/index.php?rest_route=\/wp\/v2\/pages\/1254\/revisions\/4653"}],"up":[{"embeddable":true,"href":"https:\/\/www.lakstingala.vilnius.lm.lt\/index.php?rest_route=\/wp\/v2\/pages\/74"}],"wp:attachment":[{"href":"https:\/\/www.lakstingala.vilnius.lm.lt\/index.php?rest_route=%2Fwp%2Fv2%2Fmedia&parent=1254"}],"curies":[{"name":"wp","href":"https:\/\/api.w.org\/{rel}","templated":true}]}}