{"id":150,"date":"2016-01-11T15:52:23","date_gmt":"2016-01-11T13:52:23","guid":{"rendered":"http:\/\/www.lakstingala.vilnius.lm.lt\/?page_id=150"},"modified":"2025-03-06T15:22:36","modified_gmt":"2025-03-06T13:22:36","slug":"ikimokyklinis-ir-priesmokyklinis-ugdymas","status":"publish","type":"page","link":"https:\/\/www.lakstingala.vilnius.lm.lt\/?page_id=150","title":{"rendered":"Ikimokyklinis ir prie\u0161mokyklinis ugdymas"},"content":{"rendered":"<p><a href=\"http:\/\/www.lakstingala.vilnius.lm.lt\/wp-content\/uploads\/2016\/01\/D%C4%97l-mokes%C4%8Dio-u%C5%BE-vaiko-i%C5%A1laikyma.pdf\" target=\"_blank\" rel=\"noopener noreferrer\">Vilniaus miesto savivaldyb\u0117s tarybos sprendimas \u201eD\u0117l mokes\u010dio u\u017e vaiko i\u0161laikym\u0105 Vilniaus miesto savivaldyb\u0117s mokyklose, \u012fgyvendinan\u010diose ikimokyklinio ir prie\u0161mokyklinio ugdymo programas, nustatymo tvarkos apra\u0161o tvirtinimo ir vienos dienos vaiko maitinimo normos nustatymo\u201d<\/a><\/p>\n<p><a href=\"http:\/\/www.lakstingala.vilnius.lm.lt\/wp-content\/uploads\/2016\/01\/pri%C4%97mimo-tvarka.pdf\" target=\"_blank\" rel=\"noopener noreferrer\">Vilniaus miesto savivaldyb\u0117s tarybos sprendimas \u201eD\u0117l vaik\u0173 pri\u0117mimo \u012f Vilniaus miesto \u0161vietimo \u012fstaig\u0173 ikimokyklinio ir prie\u0161mokyklinio ugdymo grupes organizavimo tvarkos apra\u0161o tvirtinimo\u201d<\/a><\/p>\n<p style=\"text-align: justify;\"><strong>Ikimokyklinis ugdymas<\/strong> vyksta pagal ikimokyklinio ugdymo program\u0105 ir teikiamas vaikams nuo 1 &#8211; ri\u0173 iki 5(6) &#8211; ri\u0173 met\u0173. Institucinis ikimokyklinis ugdymas yra neprivalomas, teikiamas t\u0117vams pageidaujant. Atskirais atvejais (socialin\u0117s rizikos \u0161eim\u0173 vaikams ar kt.) jis gali b\u016bti privalomas.<br \/>\n<strong>Prie\u0161mokyklinis ugdymas<\/strong> vyksta pagal Prie\u0161mokyklinio ugdymo bendr\u0105j\u0105 program\u0105 ir trunka vienerius metus. Teikiamas \u0161e\u0161iame\u010diams (i\u0161imtiniais atvejais \u2013 5 met\u0173) vaikams, skirtas u\u017etikrinti optimali\u0105 vaiko raid\u0105, pad\u0117ti pasirengti mokytis pagal pradinio ugdymo program\u0105. Privalomas nuo 2016.09.01.<br \/>\n<strong>Dokumentai paslaugai gauti<\/strong> \u2013 t\u0117v\u0173 pra\u0161ymas d\u0117l vaiko pri\u0117mimo (\u017er. svetain\u0117je- paslaugos-pra\u0161ymai), gimimo liudijimo kopija.<br \/>\n<strong>Paslaugos gav\u0117jas<\/strong> \u2013 ikimokyklinio am\u017eiaus (1 &#8211; 5(6) m.) ir prie\u0161mokyklinio am\u017eiaus (5(6) \u2013 6(7) m.) vaikai.<br \/>\n<strong>U\u017e paslaug\u0105 atsakinga<\/strong> \u2013 \u012fstaigos direktor\u0117. Kontaktinis telefonas (8 5) 2777998.<br \/>\n<strong>Paslaugos teikim\u0105 reglamentuojantys teis\u0117s aktai<\/strong> \u2013 Lietuvos Respublikos teis\u0117s aktai, reglamentuojantys ikimokyklin\u012f ir prie\u0161mokyklin\u012f ugdym\u0105.<br \/>\n<strong>Vaikai \u012f Vilniaus lop\u0161el\u012f-dar\u017eel\u012f \u201eLak\u0161tingala\u201c priimami<\/strong> pagal centralizuoto pri\u0117mimo \u012f Vilniaus dar\u017eelius tvark\u0105, patvirtint\u0105 Vilniaus miesto savivaldyb\u0117s administracijos direktoriaus 2015 m. lapkri\u010dio 11 d.&nbsp;\u012fsakymu Nr. 1-235 m.<br \/>\n<strong>Mokestis u\u017e paslaugos suteikim\u0105<\/strong> \u2013 vyksta pagal Mokes\u010dio u\u017e vaiko i\u0161laikym\u0105 Vilniaus miesto savivaldyb\u0117s mokyklose, \u012fgyvendinan\u010diose ikimokyklinio ir prie\u0161mokyklinio ugdymo programas, nustatymo tvarkos apra\u0161\u0105 (2014 m. spalio 22 d. Nr. 1-2070).<br \/>\n<strong>Paslaugos teik\u0117jas<\/strong> \u2013 Vilniaus lop\u0161elis-dar\u017eelis \u201eLak\u0161tingala\u201c, Lak\u0161tingal\u0173 g.10, LT-10103 Vilnius.<\/p>\n","protected":false},"excerpt":{"rendered":"<p>Vilniaus miesto savivaldyb\u0117s tarybos sprendimas \u201eD\u0117l mokes\u010dio u\u017e vaiko i\u0161laikym\u0105 Vilniaus miesto savivaldyb\u0117s mokyklose, \u012fgyvendinan\u010diose ikimokyklinio ir prie\u0161mokyklinio ugdymo programas, nustatymo tvarkos apra\u0161o tvirtinimo ir vienos dienos vaiko maitinimo normos nustatymo\u201d Vilniaus miesto savivaldyb\u0117s tarybos sprendimas \u201eD\u0117l vaik\u0173 pri\u0117mimo \u012f &hellip; <a href=\"https:\/\/www.lakstingala.vilnius.lm.lt\/?page_id=150\">Skaitykite toliau <span class=\"meta-nav\">&rarr;<\/span><\/a><\/p>\n","protected":false},"author":1,"featured_media":0,"parent":148,"menu_order":1,"comment_status":"closed","ping_status":"closed","template":"","meta":{"ngg_post_thumbnail":0,"footnotes":""},"_links":{"self":[{"href":"https:\/\/www.lakstingala.vilnius.lm.lt\/index.php?rest_route=\/wp\/v2\/pages\/150"}],"collection":[{"href":"https:\/\/www.lakstingala.vilnius.lm.lt\/index.php?rest_route=\/wp\/v2\/pages"}],"about":[{"href":"https:\/\/www.lakstingala.vilnius.lm.lt\/index.php?rest_route=\/wp\/v2\/types\/page"}],"author":[{"embeddable":true,"href":"https:\/\/www.lakstingala.vilnius.lm.lt\/index.php?rest_route=\/wp\/v2\/users\/1"}],"replies":[{"embeddable":true,"href":"https:\/\/www.lakstingala.vilnius.lm.lt\/index.php?rest_route=%2Fwp%2Fv2%2Fcomments&post=150"}],"version-history":[{"count":5,"href":"https:\/\/www.lakstingala.vilnius.lm.lt\/index.php?rest_route=\/wp\/v2\/pages\/150\/revisions"}],"predecessor-version":[{"id":4979,"href":"https:\/\/www.lakstingala.vilnius.lm.lt\/index.php?rest_route=\/wp\/v2\/pages\/150\/revisions\/4979"}],"up":[{"embeddable":true,"href":"https:\/\/www.lakstingala.vilnius.lm.lt\/index.php?rest_route=\/wp\/v2\/pages\/148"}],"wp:attachment":[{"href":"https:\/\/www.lakstingala.vilnius.lm.lt\/index.php?rest_route=%2Fwp%2Fv2%2Fmedia&parent=150"}],"curies":[{"name":"wp","href":"https:\/\/api.w.org\/{rel}","templated":true}]}}