{"id":1887,"date":"2019-02-26T14:50:33","date_gmt":"2019-02-26T12:50:33","guid":{"rendered":"http:\/\/www.lakstingala.vilnius.lm.lt\/?page_id=1887"},"modified":"2026-02-12T08:46:28","modified_gmt":"2026-02-12T06:46:28","slug":"veiklos-ataskaitos","status":"publish","type":"page","link":"https:\/\/www.lakstingala.vilnius.lm.lt\/?page_id=1887","title":{"rendered":"Veiklos ataskaitos"},"content":{"rendered":"<p><a href=\"http:\/\/www.lakstingala.vilnius.lm.lt\/wp-content\/uploads\/2026\/02\/2026uzdats.pdf\" target=\"_blank\" rel=\"noopener\">2025 met\u0173 direktor\u0117s metin\u0117 veiklos ataskaita ir 2026 met\u0173 veiklos u\u017eduotys<\/a><\/p>\n<p><a href=\"http:\/\/www.lakstingala.vilnius.lm.lt\/wp-content\/uploads\/2026\/02\/2025veiklosats.pdf\" target=\"_blank\" rel=\"noopener\">2024 met\u0173 direktor\u0117s metin\u0117 veiklos ataskaita ir 2025 met\u0173 veiklos u\u017eduotys<\/a><\/p>\n<p><a href=\"http:\/\/www.lakstingala.vilnius.lm.lt\/wp-content\/uploads\/2026\/02\/2023ats2024uzd.pdf\" target=\"_blank\" rel=\"noopener\">2023 met\u0173 direktor\u0117s metin\u0117 veiklos ataskaita ir 2024 met\u0173 veiklos u\u017eduotys<\/a><\/p>\n<p><a href=\"http:\/\/www.lakstingala.vilnius.lm.lt\/wp-content\/uploads\/2023\/02\/Ataskaitos-forma-uz2022-metus.pdf\" target=\"_blank\" rel=\"noopener noreferrer\">2022 met\u0173 direktor\u0117s metin\u0117 veiklos ataskaita&nbsp;ir 2023 met\u0173 veiklos u\u017eduotys<\/a><\/p>\n<p><a href=\"http:\/\/www.lakstingala.vilnius.lm.lt\/wp-content\/uploads\/2022\/04\/Direktor\u0117s-2021-met\u0173-veilos-ataskaita.pdf\" target=\"_blank\" rel=\"noopener noreferrer\">2021 met\u0173 direktor\u0117s metin\u0117 veiklos ataskaita&nbsp;<\/a><a href=\"http:\/\/www.lakstingala.vilnius.lm.lt\/wp-content\/uploads\/2023\/01\/Direktor\u0117s-veiklos-ataskaita-u\u017e-2020-ir-u\u017eduotys-2021.pdf\" target=\"_blank\" rel=\"noopener noreferrer\">ir 2022 met\u0173 veiklos u\u017eduotys<\/a><\/p>\n<p><a href=\"http:\/\/www.lakstingala.vilnius.lm.lt\/wp-content\/uploads\/2023\/01\/Direktor\u0117s-veiklos-ataskaita-u\u017e-2020-ir-u\u017eduotys-2021.pdf\" target=\"_blank\" rel=\"noopener noreferrer\">2020 met\u0173 direktor\u0117s metin\u0117 veiklos ataskaita&nbsp;ir 2021 met\u0173 veiklos u\u017eduotys<\/a><\/p>\n<p><a href=\"http:\/\/www.lakstingala.vilnius.lm.lt\/wp-content\/uploads\/2020\/08\/V.Smalinskien\u0117s-2019-m.-ataskaita-ir-2020-m.-u\u017eduotys-patvirtintos-1.pdf\" target=\"_blank\" rel=\"noopener noreferrer\">2019 met\u0173 direktor\u0117s metin\u0117 veiklos ataskaita&nbsp;ir 2020&nbsp;met\u0173 veiklos u\u017eduotys<\/a><\/p>\n<p><a href=\"http:\/\/www.lakstingala.vilnius.lm.lt\/wp-content\/uploads\/2019\/05\/Ataskaita2018.pdf\" target=\"_blank\" rel=\"noopener noreferrer\">2018 met\u0173 direktor\u0117s metin\u0117 veiklos ataskaita&nbsp;ir&nbsp;2019 met\u0173 veiklos u\u017eduotys<\/a><\/p>\n","protected":false},"excerpt":{"rendered":"<p>2025 met\u0173 direktor\u0117s metin\u0117 veiklos ataskaita ir 2026 met\u0173 veiklos u\u017eduotys 2024 met\u0173 direktor\u0117s metin\u0117 veiklos ataskaita ir 2025 met\u0173 veiklos u\u017eduotys 2023 met\u0173 direktor\u0117s metin\u0117 veiklos ataskaita ir 2024 met\u0173 veiklos u\u017eduotys 2022 met\u0173 direktor\u0117s metin\u0117 veiklos ataskaita&nbsp;ir 2023 &hellip; <a href=\"https:\/\/www.lakstingala.vilnius.lm.lt\/?page_id=1887\">Skaitykite toliau <span class=\"meta-nav\">&rarr;<\/span><\/a><\/p>\n","protected":false},"author":1,"featured_media":0,"parent":8,"menu_order":0,"comment_status":"closed","ping_status":"closed","template":"","meta":{"ngg_post_thumbnail":0,"footnotes":""},"_links":{"self":[{"href":"https:\/\/www.lakstingala.vilnius.lm.lt\/index.php?rest_route=\/wp\/v2\/pages\/1887"}],"collection":[{"href":"https:\/\/www.lakstingala.vilnius.lm.lt\/index.php?rest_route=\/wp\/v2\/pages"}],"about":[{"href":"https:\/\/www.lakstingala.vilnius.lm.lt\/index.php?rest_route=\/wp\/v2\/types\/page"}],"author":[{"embeddable":true,"href":"https:\/\/www.lakstingala.vilnius.lm.lt\/index.php?rest_route=\/wp\/v2\/users\/1"}],"replies":[{"embeddable":true,"href":"https:\/\/www.lakstingala.vilnius.lm.lt\/index.php?rest_route=%2Fwp%2Fv2%2Fcomments&post=1887"}],"version-history":[{"count":25,"href":"https:\/\/www.lakstingala.vilnius.lm.lt\/index.php?rest_route=\/wp\/v2\/pages\/1887\/revisions"}],"predecessor-version":[{"id":5125,"href":"https:\/\/www.lakstingala.vilnius.lm.lt\/index.php?rest_route=\/wp\/v2\/pages\/1887\/revisions\/5125"}],"up":[{"embeddable":true,"href":"https:\/\/www.lakstingala.vilnius.lm.lt\/index.php?rest_route=\/wp\/v2\/pages\/8"}],"wp:attachment":[{"href":"https:\/\/www.lakstingala.vilnius.lm.lt\/index.php?rest_route=%2Fwp%2Fv2%2Fmedia&parent=1887"}],"curies":[{"name":"wp","href":"https:\/\/api.w.org\/{rel}","templated":true}]}}