{"id":256,"date":"2016-03-30T10:05:20","date_gmt":"2016-03-30T07:05:20","guid":{"rendered":"http:\/\/www.lakstingala.vilnius.lm.lt\/?page_id=256"},"modified":"2026-04-30T15:49:52","modified_gmt":"2026-04-30T12:49:52","slug":"biudzeto-vykdymo-ataskaitu-rinkiniai","status":"publish","type":"page","link":"https:\/\/www.lakstingala.vilnius.lm.lt\/?page_id=256","title":{"rendered":"Finansini\u0173 ataskait\u0173 rinkiniai"},"content":{"rendered":"<p><a href=\"http:\/\/www.lakstingala.vilnius.lm.lt\/wp-content\/uploads\/2016\/04\/190023010-Vilniaus-lop\u0161elis-dar\u017eelis-Lak\u0161tingala2015.pdf\" target=\"_blank\" rel=\"noopener noreferrer\">2015 met\u0173 finansini\u0173 ataskait\u0173 rinkinys<\/a><\/p>\n<p><a href=\"http:\/\/www.lakstingala.vilnius.lm.lt\/wp-content\/uploads\/2016\/03\/190023010.pdf\" target=\"_blank\" rel=\"noopener noreferrer\">2016 met\u0173 finansini\u0173 ataskait\u0173 rinkinys<\/a><\/p>\n<p><a href=\"http:\/\/www.lakstingala.vilnius.lm.lt\/wp-content\/uploads\/2016\/04\/190023010-Vilniaus-lop\u0161elis-dar\u017eelis-Lak\u0161tingala2017.pdf\" target=\"_blank\" rel=\"noopener noreferrer\">2017 met\u0173 finansini\u0173 ataskait\u0173 rinkinys<\/a><\/p>\n<p><a href=\"http:\/\/www.lakstingala.vilnius.lm.lt\/wp-content\/uploads\/2019\/04\/Ataskaita-Vilniaus-lop\u0161elis-dar\u017eelis-Lak\u0161tingala.pdf\" target=\"_blank\" rel=\"noopener noreferrer\">2018 met\u0173 finansini\u0173 ataskait\u0173 rinkinys<\/a><\/p>\n<p><a href=\"http:\/\/www.lakstingala.vilnius.lm.lt\/wp-content\/uploads\/2016\/04\/2019m.-Finansini\u0173-ataskait\u0173-rinkinys.pdf\" target=\"_blank\" rel=\"noopener noreferrer\">2019 met\u0173 finansini\u0173 ataskait\u0173 rinkinys<\/a><\/p>\n<p><a href=\"http:\/\/www.lakstingala.vilnius.lm.lt\/wp-content\/uploads\/2021\/04\/190023010-Vilniaus-lop\u0161elis-dar\u017eelis-Lak\u0161tingala-2020.pdf\" target=\"_blank\" rel=\"noopener noreferrer\">2020 met\u0173 finansini\u0173 ataskait\u0173 rinkinys<\/a><\/p>\n<p><a href=\"http:\/\/www.lakstingala.vilnius.lm.lt\/wp-content\/uploads\/2022\/07\/Finnsini\u0173-ataskait\u0173-rinkiniai-u\u017e-2021-metus.pdf\" target=\"_blank\" rel=\"noopener noreferrer\">2021 met\u0173 finansini\u0173 ataskait\u0173 rinkinys<\/a><\/p>\n<p><a href=\"http:\/\/www.lakstingala.vilnius.lm.lt\/wp-content\/uploads\/2023\/12\/2022-met\u0173-finansini\u0173-ataskait\u0173-rinkinys.pdf\" target=\"_blank\" rel=\"noopener noreferrer\">2022 met\u0173 finansini\u0173 ataskait\u0173 rinkinys<\/a><\/p>\n<p><a href=\"http:\/\/www.lakstingala.vilnius.lm.lt\/wp-content\/uploads\/2024\/11\/190023010-Vilniaus-lopselis-darzelis-Lakstingala-2023-1.pdf\" target=\"_blank\" rel=\"noopener noreferrer\">2023 met\u0173 finansini\u0173 ataskait\u0173 rinkinys<\/a><\/p>\n<p><a href=\"http:\/\/www.lakstingala.vilnius.lm.lt\/wp-content\/uploads\/2025\/08\/190023010-Vilniaus-lopselis-darzelis-Lakstingala-2024.pdf\" target=\"_blank\" rel=\"noopener noreferrer\">2024 met\u0173 finansini\u0173 ataskait\u0173 rinkinys<\/a><\/p>\n<p><a href=\"http:\/\/www.lakstingala.vilnius.lm.lt\/wp-content\/uploads\/2026\/04\/Elektroninio-dokumento-nuorasas.pdf\" target=\"_blank\" rel=\"noopener noreferrer\">2025 met\u0173 finansini\u0173 ataskait\u0173 rinkinys<\/a><\/p>\n<p>&nbsp;<\/p>\n","protected":false},"excerpt":{"rendered":"<p>2015 met\u0173 finansini\u0173 ataskait\u0173 rinkinys 2016 met\u0173 finansini\u0173 ataskait\u0173 rinkinys 2017 met\u0173 finansini\u0173 ataskait\u0173 rinkinys 2018 met\u0173 finansini\u0173 ataskait\u0173 rinkinys 2019 met\u0173 finansini\u0173 ataskait\u0173 rinkinys 2020 met\u0173 finansini\u0173 ataskait\u0173 rinkinys 2021 met\u0173 finansini\u0173 ataskait\u0173 rinkinys 2022 met\u0173 finansini\u0173 ataskait\u0173 rinkinys &hellip; <a href=\"https:\/\/www.lakstingala.vilnius.lm.lt\/?page_id=256\">Skaitykite toliau <span class=\"meta-nav\">&rarr;<\/span><\/a><\/p>\n","protected":false},"author":1,"featured_media":0,"parent":8,"menu_order":6,"comment_status":"closed","ping_status":"closed","template":"","meta":{"ngg_post_thumbnail":0,"footnotes":""},"_links":{"self":[{"href":"https:\/\/www.lakstingala.vilnius.lm.lt\/index.php?rest_route=\/wp\/v2\/pages\/256"}],"collection":[{"href":"https:\/\/www.lakstingala.vilnius.lm.lt\/index.php?rest_route=\/wp\/v2\/pages"}],"about":[{"href":"https:\/\/www.lakstingala.vilnius.lm.lt\/index.php?rest_route=\/wp\/v2\/types\/page"}],"author":[{"embeddable":true,"href":"https:\/\/www.lakstingala.vilnius.lm.lt\/index.php?rest_route=\/wp\/v2\/users\/1"}],"replies":[{"embeddable":true,"href":"https:\/\/www.lakstingala.vilnius.lm.lt\/index.php?rest_route=%2Fwp%2Fv2%2Fcomments&post=256"}],"version-history":[{"count":23,"href":"https:\/\/www.lakstingala.vilnius.lm.lt\/index.php?rest_route=\/wp\/v2\/pages\/256\/revisions"}],"predecessor-version":[{"id":5158,"href":"https:\/\/www.lakstingala.vilnius.lm.lt\/index.php?rest_route=\/wp\/v2\/pages\/256\/revisions\/5158"}],"up":[{"embeddable":true,"href":"https:\/\/www.lakstingala.vilnius.lm.lt\/index.php?rest_route=\/wp\/v2\/pages\/8"}],"wp:attachment":[{"href":"https:\/\/www.lakstingala.vilnius.lm.lt\/index.php?rest_route=%2Fwp%2Fv2%2Fmedia&parent=256"}],"curies":[{"name":"wp","href":"https:\/\/api.w.org\/{rel}","templated":true}]}}