{"id":2751,"date":"2020-09-09T10:08:02","date_gmt":"2020-09-09T07:08:02","guid":{"rendered":"http:\/\/www.lakstingala.vilnius.lm.lt\/?page_id=2751"},"modified":"2023-12-05T16:53:06","modified_gmt":"2023-12-05T14:53:06","slug":"komisijos","status":"publish","type":"page","link":"https:\/\/www.lakstingala.vilnius.lm.lt\/?page_id=2751","title":{"rendered":"Savivaldos institucijos"},"content":{"rendered":"<ul>\n<li><a href=\"http:\/\/www.lakstingala.vilnius.lm.lt\/wp-content\/uploads\/2020\/09\/Atestacija.pdf\" target=\"_blank\" rel=\"noopener noreferrer\">Vilniaus lop\u0161elio-dar\u017eelio &#8222;Lak\u0161tingala&#8221;&nbsp;atestacijos komisija<\/a><\/li>\n<li><a href=\"http:\/\/www.lakstingala.vilnius.lm.lt\/wp-content\/uploads\/2023\/12\/VGK-KOMISIJA.pdf\" target=\"_blank\" rel=\"noopener noreferrer\">Vilniaus lop\u0161elio-dar\u017eelio &#8222;Lak\u0161tingala&#8221;&nbsp;vaiko gerov\u0117s komisija<\/a><\/li>\n<li><a href=\"http:\/\/www.lakstingala.vilnius.lm.lt\/wp-content\/uploads\/2022\/03\/Vie\u0161\u0173j\u0173-pirkim\u0173-vykdytojai.pdf\" target=\"_blank\" rel=\"noopener noreferrer\">Vilniaus lop\u0161elio-dar\u017eelio &#8222;Lak\u0161tingala&#8221;&nbsp;vie\u0161\u0173j\u0173 pirkim\u0173 komisija<\/a><\/li>\n<li><a href=\"http:\/\/www.lakstingala.vilnius.lm.lt\/wp-content\/uploads\/2022\/03\/Dar\u017eelio-Taryba-2022.docx\" target=\"_blank\" rel=\"noopener noreferrer\">Vilniaus lop\u0161elio-dar\u017eelio &#8222;Lak\u0161tingala&#8221;&nbsp;taryba<\/a><\/li>\n<\/ul>\n","protected":false},"excerpt":{"rendered":"<p>Vilniaus lop\u0161elio-dar\u017eelio &#8222;Lak\u0161tingala&#8221;&nbsp;atestacijos komisija Vilniaus lop\u0161elio-dar\u017eelio &#8222;Lak\u0161tingala&#8221;&nbsp;vaiko gerov\u0117s komisija Vilniaus lop\u0161elio-dar\u017eelio &#8222;Lak\u0161tingala&#8221;&nbsp;vie\u0161\u0173j\u0173 pirkim\u0173 komisija Vilniaus lop\u0161elio-dar\u017eelio &#8222;Lak\u0161tingala&#8221;&nbsp;taryba<\/p>\n","protected":false},"author":1,"featured_media":0,"parent":8,"menu_order":1,"comment_status":"closed","ping_status":"closed","template":"","meta":{"ngg_post_thumbnail":0,"footnotes":""},"_links":{"self":[{"href":"https:\/\/www.lakstingala.vilnius.lm.lt\/index.php?rest_route=\/wp\/v2\/pages\/2751"}],"collection":[{"href":"https:\/\/www.lakstingala.vilnius.lm.lt\/index.php?rest_route=\/wp\/v2\/pages"}],"about":[{"href":"https:\/\/www.lakstingala.vilnius.lm.lt\/index.php?rest_route=\/wp\/v2\/types\/page"}],"author":[{"embeddable":true,"href":"https:\/\/www.lakstingala.vilnius.lm.lt\/index.php?rest_route=\/wp\/v2\/users\/1"}],"replies":[{"embeddable":true,"href":"https:\/\/www.lakstingala.vilnius.lm.lt\/index.php?rest_route=%2Fwp%2Fv2%2Fcomments&post=2751"}],"version-history":[{"count":14,"href":"https:\/\/www.lakstingala.vilnius.lm.lt\/index.php?rest_route=\/wp\/v2\/pages\/2751\/revisions"}],"predecessor-version":[{"id":4626,"href":"https:\/\/www.lakstingala.vilnius.lm.lt\/index.php?rest_route=\/wp\/v2\/pages\/2751\/revisions\/4626"}],"up":[{"embeddable":true,"href":"https:\/\/www.lakstingala.vilnius.lm.lt\/index.php?rest_route=\/wp\/v2\/pages\/8"}],"wp:attachment":[{"href":"https:\/\/www.lakstingala.vilnius.lm.lt\/index.php?rest_route=%2Fwp%2Fv2%2Fmedia&parent=2751"}],"curies":[{"name":"wp","href":"https:\/\/api.w.org\/{rel}","templated":true}]}}