{"id":2824,"date":"2020-09-10T16:12:32","date_gmt":"2020-09-10T13:12:32","guid":{"rendered":"http:\/\/www.lakstingala.vilnius.lm.lt\/?page_id=2824"},"modified":"2026-01-28T15:32:01","modified_gmt":"2026-01-28T13:32:01","slug":"spinduliuku-grupe","status":"publish","type":"page","link":"https:\/\/www.lakstingala.vilnius.lm.lt\/?page_id=2824","title":{"rendered":"Spinduliuk\u0173 grup\u0117"},"content":{"rendered":"<p class=\"western\" style=\"text-align: left;\" align=\"center\"><strong><span style=\"font-family: 'Times New Roman', serif;\"><span style=\"font-size: medium;\"><img loading=\"lazy\" decoding=\"async\" class=\"size-medium wp-image-2804 alignleft\" src=\"http:\/\/www.lakstingala.vilnius.lm.lt\/wp-content\/uploads\/2015\/12\/0002-156x300.jpg\" alt=\"\" width=\"156\" height=\"300\" srcset=\"https:\/\/www.lakstingala.vilnius.lm.lt\/wp-content\/uploads\/2015\/12\/0002-156x300.jpg 156w, https:\/\/www.lakstingala.vilnius.lm.lt\/wp-content\/uploads\/2015\/12\/0002-768x1478.jpg 768w, https:\/\/www.lakstingala.vilnius.lm.lt\/wp-content\/uploads\/2015\/12\/0002-532x1024.jpg 532w, https:\/\/www.lakstingala.vilnius.lm.lt\/wp-content\/uploads\/2015\/12\/0002.jpg 2000w\" sizes=\"(max-width: 156px) 100vw, 156px\" \/>Ikimokyklin\u0117 grup\u0117: 1.5<\/span><\/span><span style=\"font-family: 'Times New Roman', serif;\"><span style=\"font-size: medium;\"> \u2013&nbsp;3 m.<\/span><\/span><\/strong><\/p>\n<p class=\"western\"><span style=\"font-family: 'Times New Roman', serif;\"><span style=\"font-size: medium;\"><i><b>Ikimokyklinio ugdymo mokytojos:<\/b><\/i><\/span><\/span><\/p>\n<p class=\"western\" align=\"left\"><span style=\"font-family: Times New Roman, serif;\"><span style=\"font-size: medium;\"><span lang=\"lt-LT\">Kornelija Keserauskait\u0117<\/span><\/span><\/span><span style=\"font-family: 'Times New Roman', serif;\">;<\/span><\/p>\n<p>Aldona&nbsp;Bal\u010di\u016bnait\u0117<\/p>\n<p class=\"western\"><span style=\"font-family: 'Times New Roman', serif;\"><span style=\"font-size: medium;\"><i><b>Mokytojo pad\u0117j\u0117ja:<\/b><\/i><\/span><\/span><\/p>\n<p class=\"western\"><span style=\"font-family: 'Times New Roman', serif;\"><span style=\"font-size: medium;\">Leokadija Kybien\u0117<\/span><\/span><\/p>\n<p class=\"western\"><strong style=\"font-size: medium;\"><span style=\"font-family: 'Times New Roman', serif;\">Grup\u0117s telefono numeris<\/span><\/strong><\/p>\n<p class=\"western\" align=\"left\"><span style=\"font-family: Times New Roman, serif;\"><span style=\"font-size: medium;\"><span lang=\"lt-LT\">+37066462350<\/span><\/span><\/span><\/p>\n<p class=\"western\"><strong><span style=\"font-family: 'Times New Roman', serif;\"><span style=\"font-size: medium;\">Mokytoj\u0173\/ grup\u0117s&nbsp;<\/span><\/span><span style=\"font-family: 'Times New Roman', serif;\"><span style=\"font-size: medium;\"><span lang=\"en-US\">el.pa\u0161to<\/span><\/span><\/span><span style=\"font-family: 'Times New Roman', serif;\"><span style=\"font-size: medium;\">&nbsp;adresas<\/span><\/span><\/strong><\/p>\n<div><a href=\"mailto:lakstingala.aldona@gmail.com\" target=\"_blank\" rel=\"noopener\">lakstingala.aldona@gmail.com<\/a><\/div>\n<div><a href=\"mailto:lakstingala.kornelija@gmail.com\" target=\"_blank\" rel=\"noopener\">lakstingala.kornelija@gmail.<wbr>com<\/a><\/div>\n","protected":false},"excerpt":{"rendered":"<p>Ikimokyklin\u0117 grup\u0117: 1.5 \u2013&nbsp;3 m. Ikimokyklinio ugdymo mokytojos: Kornelija Keserauskait\u0117; Aldona&nbsp;Bal\u010di\u016bnait\u0117 Mokytojo pad\u0117j\u0117ja: Leokadija Kybien\u0117 Grup\u0117s telefono numeris +37066462350 Mokytoj\u0173\/ grup\u0117s&nbsp;el.pa\u0161to&nbsp;adresas lakstingala.aldona@gmail.com lakstingala.kornelija@gmail.com<\/p>\n","protected":false},"author":1,"featured_media":0,"parent":46,"menu_order":3,"comment_status":"closed","ping_status":"closed","template":"","meta":{"ngg_post_thumbnail":0,"footnotes":""},"_links":{"self":[{"href":"https:\/\/www.lakstingala.vilnius.lm.lt\/index.php?rest_route=\/wp\/v2\/pages\/2824"}],"collection":[{"href":"https:\/\/www.lakstingala.vilnius.lm.lt\/index.php?rest_route=\/wp\/v2\/pages"}],"about":[{"href":"https:\/\/www.lakstingala.vilnius.lm.lt\/index.php?rest_route=\/wp\/v2\/types\/page"}],"author":[{"embeddable":true,"href":"https:\/\/www.lakstingala.vilnius.lm.lt\/index.php?rest_route=\/wp\/v2\/users\/1"}],"replies":[{"embeddable":true,"href":"https:\/\/www.lakstingala.vilnius.lm.lt\/index.php?rest_route=%2Fwp%2Fv2%2Fcomments&post=2824"}],"version-history":[{"count":7,"href":"https:\/\/www.lakstingala.vilnius.lm.lt\/index.php?rest_route=\/wp\/v2\/pages\/2824\/revisions"}],"predecessor-version":[{"id":5102,"href":"https:\/\/www.lakstingala.vilnius.lm.lt\/index.php?rest_route=\/wp\/v2\/pages\/2824\/revisions\/5102"}],"up":[{"embeddable":true,"href":"https:\/\/www.lakstingala.vilnius.lm.lt\/index.php?rest_route=\/wp\/v2\/pages\/46"}],"wp:attachment":[{"href":"https:\/\/www.lakstingala.vilnius.lm.lt\/index.php?rest_route=%2Fwp%2Fv2%2Fmedia&parent=2824"}],"curies":[{"name":"wp","href":"https:\/\/api.w.org\/{rel}","templated":true}]}}