{"id":2862,"date":"2020-09-17T08:26:18","date_gmt":"2020-09-17T05:26:18","guid":{"rendered":"http:\/\/www.lakstingala.vilnius.lm.lt\/?page_id=2862"},"modified":"2022-02-10T07:59:05","modified_gmt":"2022-02-10T05:59:05","slug":"covid-19","status":"publish","type":"page","link":"https:\/\/www.lakstingala.vilnius.lm.lt\/?page_id=2862","title":{"rendered":"COVID-19"},"content":{"rendered":"<p><strong><a href=\"http:\/\/www.lakstingala.vilnius.lm.lt\/wp-content\/uploads\/2020\/09\/KARTU-GYVENAN\u010cI\u0172-ASMEN\u0172-IZOLIACIJOS-TAIKYMO-ATMINTIN\u0116-1.pdf\" target=\"_blank\" rel=\"noopener noreferrer\">Kartu gyvenan\u010di\u0173 asmen\u0173 izoliacijos taikymo atmintin\u0117<\/a><\/strong><\/p>\n<p><strong><a href=\"http:\/\/www.lakstingala.vilnius.lm.lt\/wp-content\/uploads\/2020\/09\/Atsakymai-i-DUK-del-COVID-19_2020.09.11.pdf\" target=\"_blank\" rel=\"noopener noreferrer\">Atsakymai \u012f da\u017eniausiai u\u017eduodamus klausimus d\u0117l COVID-19<\/a><\/strong><\/p>\n<p><strong><a href=\"http:\/\/www.svietimonaujienos.lt\/kaip-tevams-isgyventi-ir-aukleti-vaikus-karantino-metu\/?fbclid=IwAR3xIyfcrdK8x_xdpKYXzyRw_4v3I4Kxq291xG0nEH4c7vpu8AsS8p1bmto\" target=\"_blank\" rel=\"noopener noreferrer\">Kaip t\u0117vams i\u0161gyventi ir aukl\u0117ti vaikus karantino metu?<\/a><\/strong><\/p>\n<p><strong><a href=\"http:\/\/www.lakstingala.vilnius.lm.lt\/?p=2547\">D\u0117l ugdymo proceso organizavimo nuotoliniu b\u016bdu<\/a><\/strong><\/p>\n<p><strong><a href=\"http:\/\/www.lakstingala.vilnius.lm.lt\/wp-content\/uploads\/2020\/03\/3.-ESK-protokolas-2020-03-12.pdf\" target=\"_blank\" rel=\"noopener noreferrer\">Viruso COVID-19 i\u0161plitimo prevencijos priemoni\u0173 taikymas<\/a><\/strong><\/p>\n<p><strong><a href=\"http:\/\/www.lakstingala.vilnius.lm.lt\/?p=2294\">D\u0117l rank\u0173 dezinfekavimo skys\u010dio naudojimo ikimokyklin\u0117se ugdymo \u012fstaigose<\/a><\/strong><\/p>\n<p><strong><a href=\"https:\/\/sam.lrv.lt\/lt\/news\/koronavirusas\/duk-covid-19?fbclid=IwAR1VpsvC4EMa_omykeKqfpHZiV5l8C8229MlaYhWqj09YyCcCdsJ3u_dyaY\" target=\"_blank\" rel=\"noopener noreferrer\">Sveikatos apsaugos ministerijos svetain\u0117je da\u017eniausiai u\u017eduodami klausimai d\u0117l COVID-19 ir atsakymai \u012f juos.<\/a><\/strong><\/p>\n","protected":false},"excerpt":{"rendered":"<p>Kartu gyvenan\u010di\u0173 asmen\u0173 izoliacijos taikymo atmintin\u0117 Atsakymai \u012f da\u017eniausiai u\u017eduodamus klausimus d\u0117l COVID-19 Kaip t\u0117vams i\u0161gyventi ir aukl\u0117ti vaikus karantino metu? D\u0117l ugdymo proceso organizavimo nuotoliniu b\u016bdu Viruso COVID-19 i\u0161plitimo prevencijos priemoni\u0173 taikymas D\u0117l rank\u0173 dezinfekavimo skys\u010dio naudojimo ikimokyklin\u0117se ugdymo &hellip; <a href=\"https:\/\/www.lakstingala.vilnius.lm.lt\/?page_id=2862\">Skaitykite toliau <span class=\"meta-nav\">&rarr;<\/span><\/a><\/p>\n","protected":false},"author":1,"featured_media":0,"parent":74,"menu_order":6,"comment_status":"closed","ping_status":"closed","template":"","meta":{"ngg_post_thumbnail":0,"footnotes":""},"_links":{"self":[{"href":"https:\/\/www.lakstingala.vilnius.lm.lt\/index.php?rest_route=\/wp\/v2\/pages\/2862"}],"collection":[{"href":"https:\/\/www.lakstingala.vilnius.lm.lt\/index.php?rest_route=\/wp\/v2\/pages"}],"about":[{"href":"https:\/\/www.lakstingala.vilnius.lm.lt\/index.php?rest_route=\/wp\/v2\/types\/page"}],"author":[{"embeddable":true,"href":"https:\/\/www.lakstingala.vilnius.lm.lt\/index.php?rest_route=\/wp\/v2\/users\/1"}],"replies":[{"embeddable":true,"href":"https:\/\/www.lakstingala.vilnius.lm.lt\/index.php?rest_route=%2Fwp%2Fv2%2Fcomments&post=2862"}],"version-history":[{"count":10,"href":"https:\/\/www.lakstingala.vilnius.lm.lt\/index.php?rest_route=\/wp\/v2\/pages\/2862\/revisions"}],"predecessor-version":[{"id":3659,"href":"https:\/\/www.lakstingala.vilnius.lm.lt\/index.php?rest_route=\/wp\/v2\/pages\/2862\/revisions\/3659"}],"up":[{"embeddable":true,"href":"https:\/\/www.lakstingala.vilnius.lm.lt\/index.php?rest_route=\/wp\/v2\/pages\/74"}],"wp:attachment":[{"href":"https:\/\/www.lakstingala.vilnius.lm.lt\/index.php?rest_route=%2Fwp%2Fv2%2Fmedia&parent=2862"}],"curies":[{"name":"wp","href":"https:\/\/api.w.org\/{rel}","templated":true}]}}