{"id":2908,"date":"2020-09-30T08:22:15","date_gmt":"2020-09-30T05:22:15","guid":{"rendered":"http:\/\/www.lakstingala.vilnius.lm.lt\/?page_id=2908"},"modified":"2025-02-13T10:35:15","modified_gmt":"2025-02-13T08:35:15","slug":"lopselio-darzelio-lakstingala-specialistu-paslaugos","status":"publish","type":"page","link":"https:\/\/www.lakstingala.vilnius.lm.lt\/?page_id=2908","title":{"rendered":"Lop\u0161elio-dar\u017eelio \u201eLak\u0161tingala\u201c specialist\u0173 paslaugos"},"content":{"rendered":"<table width=\"616\" cellspacing=\"0\" cellpadding=\"7\">\n<colgroup>\n<col width=\"172\">\n<col width=\"414\"> <\/colgroup>\n<tbody>\n<tr valign=\"top\">\n<td width=\"172\">\n<p align=\"center\"><span style=\"font-size: medium;\"><strong><span style=\"font-family: 'Times New Roman', serif;\">Meninio ugdymo pedagogas<\/span><\/strong><\/span><\/p>\n<\/td>\n<td width=\"414\"><span style=\"font-family: 'Times New Roman', serif;\"><span style=\"font-size: medium;\">Organizuoja vaik\u0173 muzikin\u012f ugdym\u0105, lavina j\u0173 muzikinius gabumus, muzikos atlikimo \u012fg\u016bd\u017eius, k\u016brybin\u0119 vaizduot\u0119;<\/span><\/span><\/p>\n<p><span style=\"font-family: 'Times New Roman', serif;\"><span style=\"font-size: medium;\">Individualizuoja ir diferencijuoja ugdym\u0105 pagal vaik\u0173 geb\u0117jimus ir am\u017ei\u0173;<\/span><\/span><\/p>\n<p><span style=\"font-family: 'Times New Roman', serif;\"><span style=\"font-size: medium;\">Bendradarbiauja su grupi\u0173 pedagogais: lanks\u010diai derina savo muzikin\u0119 veikl\u0105 su grup\u0117s veikla, dalyvauja vykdomuose projektuose;<\/span><\/span><\/p>\n<p><span style=\"font-family: 'Times New Roman', serif;\"><span style=\"font-size: medium;\">Dalyvauja darbo grup\u0117se, rengiant \u012fvairius renginius ir \u0161ventes;<\/span><\/span><\/p>\n<p><span style=\"font-family: 'Times New Roman', serif;\"><span style=\"font-size: medium;\">Rengia vaikus dalyvauti \u012fvairiuose koncertuose, konkursuose, projektuose.<\/span><\/span><\/td>\n<\/tr>\n<tr valign=\"top\">\n<td width=\"172\">\n<p align=\"center\"><span style=\"font-size: medium;\"><strong><span style=\"font-family: 'Times New Roman', serif;\">Logopedas<\/span><\/strong><\/span><\/p>\n<\/td>\n<td width=\"414\"><span style=\"font-family: 'Times New Roman', serif;\"><span style=\"font-size: medium;\">Tiria vaiko kalb\u0105 (tart\u012f, \u017eodyn\u0105, gramatin\u0119 sandar\u0105, ri\u0161li\u0105j\u0105 kalb\u0105), nustato kalbos sutrikim\u0173 pob\u016bd\u012f ir juos \u0161alina;<\/span><\/span><\/p>\n<p><span style=\"font-family: 'Times New Roman', serif;\"><span style=\"font-size: medium;\">Dirba su vaikais individualiai ir pogrupiais, taikydama specialiojo poreikio priemones kalb\u0117jimo ir kalbos sutrikimams \u0161alinti;<\/span><\/span><\/p>\n<p><span style=\"font-family: 'Times New Roman', serif;\"><span style=\"font-size: medium;\">Konsultuoja kalb\u0117jimo ir kalbos sutrikim\u0173 turin\u010di\u0173 vaik\u0173 t\u0117velius, pedagogus;<\/span><\/span><\/p>\n<p><span style=\"font-family: 'Times New Roman', serif;\"><span style=\"font-size: medium;\">Rengia rekomendacijas pedagogams ir t\u0117vams, veda seminarus, konferencijas.<\/span><\/span><\/td>\n<\/tr>\n<tr valign=\"top\">\n<td width=\"172\">\n<p align=\"center\"><span style=\"font-size: medium;\"><strong><span style=\"font-family: 'Times New Roman', serif;\">Psichologas<\/span><\/strong><\/span><\/p>\n<\/td>\n<td width=\"414\"><span style=\"font-family: 'Times New Roman', serif;\"><span style=\"font-size: medium;\">Teikia psichologin\u0119 pagalb\u0105 ugdytiniams, j\u0173 t\u0117vams, mokytojams ir kitiems \u0161vietimo pagalbos darbuotojams ;<\/span><\/span><\/p>\n<p><span style=\"font-family: 'Times New Roman', serif;\"><span style=\"font-size: medium;\">Rengia individualias rekomendacijas vaiko psichologin\u0117ms, asmenyb\u0117s ir ugdymosi problemoms spr\u0119sti;<\/span><\/span><\/p>\n<p><span style=\"font-family: 'Times New Roman', serif;\"><span style=\"font-size: medium;\">Atlieka individualius ar grupinius kolektyvo steb\u0117jimus;<\/span><\/span><\/p>\n<p><span style=\"font-family: 'Times New Roman', serif;\"><span style=\"font-size: medium;\">Veda individualius ar grupinius ugdomuosius u\u017esi\u0117mimus vaikams;<\/span><\/span><\/p>\n<p><span style=\"font-family: 'Times New Roman', serif;\"><span style=\"font-size: medium;\">Bendradarbiauja su pedagogais, logopedu ir kitais \u012fstaigos specialistais, organizuojant ir vykdant ugdymo proces\u0105;<\/span><\/span><\/p>\n<p><span style=\"font-family: 'Times New Roman', serif;\"><span style=\"font-size: medium;\">Dalyvauja vaiko gerov\u0117s komisijos veikloje.<\/span><\/span><\/td>\n<\/tr>\n<tr valign=\"top\">\n<td width=\"172\">\n<p align=\"center\"><span style=\"font-size: medium;\"><strong><span style=\"font-family: 'Times New Roman', serif;\">Neformaliojo ugdymo pedagogas fiziniam ikimokyklinio ir prie\u0161mokyklinio am\u017eiaus vaik\u0173 lavinimui)<\/span><\/strong><\/span><\/p>\n<\/td>\n<td width=\"414\"><span style=\"font-family: 'Times New Roman', serif;\"><span style=\"font-size: medium;\">Organizuoja fizinio ugdymo proces\u0105 sal\u0117je ir lauke, formuoja vaik\u0173 kult\u016bros \u012fg\u016bd\u017eius, padeda vaikams i\u0161mokti valdyti k\u016bn\u0105, judesius ir palaikyti pusiausvyr\u0105, tapti savaranki\u0161kesniais, fizi\u0161kai stipresniais;<\/span><\/span><\/p>\n<p><span style=\"font-family: 'Times New Roman', serif;\"><span style=\"font-size: medium;\">Individualizuoja ir diferencijuoja fizinio ugdymo tikslus, parenka tinkamas ugdymo strategijas bei deramai jas taiko, stebi ir stiprina ugdytini\u0173 sveikat\u0105;<\/span><\/span><\/p>\n<p><span style=\"font-family: 'Times New Roman', serif;\"><span style=\"font-size: medium;\">Bendradarbiauja su grupi\u0173 pedagogais, lanks\u010diai derina sportin\u0119 veikl\u0105 su grup\u0117s veikla;<\/span><\/span><\/p>\n<p><span style=\"font-family: 'Times New Roman', serif;\"><span style=\"font-size: medium;\">Inicijuoja ir padeda \u012fgyvendinti sveikatingumo projektus grup\u0117se;<\/span><\/span><\/p>\n<p><span style=\"font-family: 'Times New Roman', serif;\"><span style=\"font-size: medium;\">Dalyvauja darbo grup\u0117se, rengiant \u012fvairius renginius ir \u0161ventes.<\/span><\/span><\/td>\n<\/tr>\n<tr valign=\"top\">\n<td width=\"172\">\n<p align=\"center\"><span style=\"font-size: medium;\"><strong><span style=\"font-family: 'Times New Roman', serif;\">Socialinis pedagogas<\/span><\/strong><\/span><\/p>\n<\/td>\n<td width=\"414\"><span style=\"font-family: 'Times New Roman', serif;\"><span style=\"font-size: medium;\">Vertina socialin\u0117s pedagogin\u0117s pagalbos vaikui poreikius (kartu su kitais specialistais), esant b\u016btinybei lankosi u\u017esi\u0117mimuose ir kitose veiklose;<\/span><\/span><\/p>\n<p><span style=\"font-family: 'Times New Roman', serif;\"><span style=\"font-size: medium;\">Konsultuoja t\u0117vus (glob\u0117jus), \u012fstaigos bendruomen\u0119 socialini\u0173 pedagogini\u0173 problem\u0173 sprendimo, socialin\u0117s pedagogin\u0117s pagalbos teikimo klausimais;<\/span><\/span><\/p>\n<p><span style=\"font-family: 'Times New Roman', serif;\"><span style=\"font-size: medium;\">Dalyvauja sprend\u017eiant krizinius atvejus \u012fstaigoje, ugdymo ir socialini\u0173 \u012fg\u016bd\u017ei\u0173 problemas;<\/span><\/span><\/p>\n<p><span style=\"font-family: 'Times New Roman', serif;\"><span style=\"font-size: medium;\">Aktyviai vykdo smurto ir paty\u010di\u0173 prevencijos ir intervencijos program\u0105;<\/span><\/span><\/p>\n<p><span style=\"font-family: 'Times New Roman', serif;\"><span style=\"font-size: medium;\">Teikia socialin\u0119 pedagogin\u0119 pagalb\u0105 elgesio sutrikim\u0173 turintiems vaikams;<\/span><\/span><\/p>\n<p><span style=\"font-family: 'Times New Roman', serif;\"><span style=\"font-size: medium;\">\u0160vie\u010dia bendruomen\u0119 socialin\u0117s pedagogin\u0117s pagalbos teikimo, neigiam\u0173 socialini\u0173 rei\u0161kini\u0173 prevencijos, pozityviosios socializacijos klausimais.<\/span><\/span><\/td>\n<\/tr>\n<tr valign=\"top\">\n<td width=\"172\">\n<p align=\"center\"><span style=\"font-size: medium;\"><strong><span style=\"font-family: 'Times New Roman', serif;\">Visuomen\u0117s sveikatos prie\u017ei\u016bros specialistas<\/span><\/strong><\/span><\/p>\n<\/td>\n<td width=\"414\"><span style=\"font-family: 'Times New Roman', serif;\"><span style=\"font-size: medium;\">Tvarko vaik\u0173 sveikatos dokumentus;<\/span><\/span><\/p>\n<p><span style=\"font-family: 'Times New Roman', serif;\"><span style=\"font-size: medium;\">Analizuoja ugdytini\u0173 sveikatos ir sergamumo rodiklius;<\/span><\/span><\/p>\n<p><span style=\"font-family: 'Times New Roman', serif;\"><span style=\"font-size: medium;\">R\u016bpinasi ugdytini\u0173 sergamumo profilaktika;<\/span><\/span><\/p>\n<p><span style=\"font-family: 'Times New Roman', serif;\"><span style=\"font-size: medium;\">Teikia pagalb\u0105 vaikams ir pedagogams, ugdant sveikos gyvensenos ir asmens higienos \u012fg\u016bd\u017eius;<\/span><\/span><\/p>\n<p><span style=\"font-family: 'Times New Roman', serif;\"><span style=\"font-size: medium;\">Organizuoja ir pri\u017ei\u016bri maitinimo organizavim\u0105, skatinant sveik\u0105 mityb\u0105 bei sveikos mitybos \u012fg\u016bd\u017ei\u0173 formavim\u0105;<\/span><\/span><\/p>\n<p><span style=\"font-family: 'Times New Roman', serif;\"><span style=\"font-size: medium;\">U\u017etikrina sanitarini\u0173-higienini\u0173 norm\u0173 laikym\u0105si;<\/span><\/span><\/p>\n<p><span style=\"font-family: 'Times New Roman', serif;\"><span style=\"font-size: medium;\">Teikia ir koordinuoja pirm\u0105j\u0105 pagalb\u0105;<\/span><\/span><\/p>\n<p><span style=\"font-family: 'Times New Roman', serif;\"><span style=\"font-size: medium;\">Konsultuoja t\u0117vus sveikatos ir mitybos klausimais.<\/span><\/span><\/td>\n<\/tr>\n<tr valign=\"top\">\n<td width=\"172\">\n<p align=\"center\"><span style=\"font-size: medium;\"><strong><span style=\"font-family: 'Times New Roman', serif;\">Dietistas<\/span><\/strong><\/span><\/p>\n<p align=\"center\">&nbsp;<\/p>\n<p align=\"center\">&nbsp;<\/p>\n<p align=\"center\">&nbsp;<\/p>\n<p align=\"center\"><span style=\"font-size: medium;\"><em><span style=\"font-family: 'Times New Roman', serif;\">&nbsp;<\/span><\/em><\/span><\/p>\n<p align=\"center\">&nbsp;<\/p>\n<p align=\"center\">&nbsp;<\/p>\n<p align=\"center\">&nbsp;<\/p>\n<p align=\"center\">&nbsp;<\/p>\n<p align=\"center\">&nbsp;<\/p>\n<p style=\"text-align: center;\" align=\"center\"><strong>Visuomen\u0117s sveikatos prie\u017ei\u016bros specialist\u0117<\/strong><\/p>\n<\/td>\n<td width=\"414\"><span style=\"font-family: 'Times New Roman', serif;\"><span style=\"font-size: medium;\">Atlieka vaik\u0173 maitinimo organizavimo prie\u017ei\u016br\u0105;<\/span><\/span><\/p>\n<p><span style=\"font-family: 'Times New Roman', serif;\"><span style=\"font-size: medium;\">Sudaro vaik\u0173 maitinimo valgiara\u0161\u010dius;<\/span><\/span><\/p>\n<p><span style=\"font-family: 'Times New Roman', serif;\"><span style=\"font-size: medium;\">Parengia kiekvieno patiekalo technologines korteles, kuriose nurodoma \u012f patiekal\u0105 \u012feinan\u010di\u0173 produkt\u0173 mas\u0117 bruto ir neto, patiekalo i\u0161eiga, maistin\u0117 ir energetin\u0117 vert\u0117;<\/span><\/span><\/p>\n<p><span style=\"font-family: 'Times New Roman', serif;\"><span style=\"font-size: medium;\">Vykdo tiekiam\u0173 maisto produkt\u0173, j\u0173 laikymo s\u0105lyg\u0173 kontrol\u0119. Kontroliuoja maisto tvarkymo viet\u0105 ir gamybos proces\u0105 virtuv\u0117je;<\/span><\/span><\/p>\n<p><span style=\"font-family: 'Times New Roman', serif;\"><span style=\"font-size: medium;\">Tikrina patiekal\u0173, ruo\u0161iam\u0173j\u0173 pagal valgiara\u0161t\u012f, kokyb\u0119;<\/span><\/span><\/p>\n<p><span style=\"font-family: 'Times New Roman', serif;\"><span style=\"font-size: medium;\">Koreguoja mitybos racion\u0105 pagal gydytoj\u0173 nurodymus;<\/span><\/span><\/p>\n<p><span style=\"font-family: 'Times New Roman', serif;\"><span style=\"font-size: medium;\">Paruo\u0161ia vie\u0161\u0173j\u0173 pirkim\u0173 konkursui reikaling\u0173 maisto produkt\u0173 s\u0105ra\u0161\u0105;<\/span><\/span><\/p>\n<hr>\n<p><strong>Kristina Mockuvien\u0117<\/strong><\/p>\n<p><b>Visuomen\u0117s sveikatos specialist\u0117, vykdanti sveikatos prie\u017ei\u016br\u0105 mokykloje&nbsp;<\/b><\/p>\n<p>&nbsp;<\/p>\n<p>Vilniaus m. savivaldyb\u0117s visuomen\u0117s sveikatos biuro Ikimokyklinio ugdymo \u012fstaig\u0173 visuomen\u0117s sveikatos prie\u017ei\u016bros skyrius<\/p>\n<p>M. K. \u010ciurlionio g. 100, Vingio parko&nbsp;<\/p>\n<p>Estrada, Vilnius, LT-03100<\/p>\n<p>Mob. +370 65981477<\/p>\n<p>El. pa\u0161tas:&nbsp;<a id=\"m_4070052557205008591m_6491299494350593493OWAf064c7f6-ca9d-eb47-e2f0-3acb4e27769f\" href=\"mailto:vardas.pavarde@vvsb.lt\" target=\"_blank\" rel=\"noopener noreferrer\">kristina.mockuviene@vvsb.lt<\/a><\/p>\n<p>&nbsp; &nbsp; &nbsp; &nbsp; &nbsp; &nbsp;&nbsp;&nbsp;&nbsp; &nbsp;&nbsp; &nbsp;<a id=\"m_4070052557205008591m_6491299494350593493OWA188088ce-c334-9979-b50c-8dc20a49528f\" href=\"http:\/\/www.vilniussveikiau.lt\/\" target=\"_blank\" rel=\"noopener noreferrer\" data-saferedirecturl=\"https:\/\/www.google.com\/url?q=http:\/\/www.vilniussveikiau.lt\/&amp;source=gmail&amp;ust=1739514205032000&amp;usg=AOvVaw0ugeT8UadaMrAOgCGvFI7z\">www.vilniussveikiau.lt<\/a><\/p>\n<p><a id=\"m_4070052557205008591m_6491299494350593493OWA53ceb1f1-a661-cb0a-6a3e-7eef96999c2f\" href=\"https:\/\/www.linkedin.com\/company\/74467787\/\" target=\"_blank\" rel=\"noopener noreferrer\" data-saferedirecturl=\"https:\/\/www.google.com\/url?q=https:\/\/www.linkedin.com\/company\/74467787\/&amp;source=gmail&amp;ust=1739514205032000&amp;usg=AOvVaw3qRugkNFFelGZbLbp_Dz8X\"><img loading=\"lazy\" decoding=\"async\" class=\"CToWUd\" src=\"https:\/\/mail.google.com\/mail\/u\/0?ui=2&amp;ik=cce707e533&amp;attid=0.0.5&amp;permmsgid=msg-f:1823773289072595296&amp;th=194f5824c6049160&amp;view=fimg&amp;fur=ip&amp;permmsgid=msg-f:1823773289072595296&amp;sz=s0-l75-ft&amp;attbid=ANGjdJ-GbvDQWngm9mKoGoaqSeKJT7-0M5Aq0Ob84wmeDA5JpE3RwtvdaC95LeEgAVGof-OGHrV6bAj3_X3nN2FWsSloC1BSrx-7jFXrvT800UsHTiTwXVuUZAmvv3g&amp;disp=emb&amp;realattid&amp;zw\" alt=\"image\" width=\"31\" height=\"29\" data-image-whitelisted=\"\" data-bit=\"iit\"><\/a><a id=\"m_4070052557205008591m_6491299494350593493OWA2a1ef66c-2761-0b41-0854-8403420fc1ca\" href=\"https:\/\/www.instagram.com\/vilniussveikiau\/\" target=\"_blank\" rel=\"noopener noreferrer\" data-saferedirecturl=\"https:\/\/www.google.com\/url?q=https:\/\/www.instagram.com\/vilniussveikiau\/&amp;source=gmail&amp;ust=1739514205032000&amp;usg=AOvVaw2kMxCy7Oy54wiIPxXql6Ex\"><img loading=\"lazy\" decoding=\"async\" class=\"CToWUd\" src=\"https:\/\/mail.google.com\/mail\/u\/0?ui=2&amp;ik=cce707e533&amp;attid=0.0.7&amp;permmsgid=msg-f:1823773289072595296&amp;th=194f5824c6049160&amp;view=fimg&amp;fur=ip&amp;permmsgid=msg-f:1823773289072595296&amp;sz=s0-l75-ft&amp;attbid=ANGjdJ-yALLxfU0u2SeG7hiOAhOgJYKpz6X5_zwG9ZeACkcMlaklbwP02w3Y5gtis30El_upU3BKAgPc94KR67nkoVfiK3C8kX9pACvxaNC_OSDrqPkQXud8TXbG23s&amp;disp=emb&amp;realattid&amp;zw\" alt=\"image\" width=\"27\" height=\"27\" data-image-whitelisted=\"\" data-bit=\"iit\"><\/a>\u200b<a id=\"m_4070052557205008591m_6491299494350593493OWAb7ab32b3-23a5-8a5b-a92f-1a5f622cd720\" href=\"https:\/\/www.facebook.com\/vlnvisuomenessveikatosbiuras\" target=\"_blank\" rel=\"noopener noreferrer\" data-saferedirecturl=\"https:\/\/www.google.com\/url?q=https:\/\/www.facebook.com\/vlnvisuomenessveikatosbiuras&amp;source=gmail&amp;ust=1739514205032000&amp;usg=AOvVaw3Gsl9jyX4PyIJNcD7_eI4e\"><img loading=\"lazy\" decoding=\"async\" class=\"CToWUd\" src=\"https:\/\/mail.google.com\/mail\/u\/0?ui=2&amp;ik=cce707e533&amp;attid=0.0.8&amp;permmsgid=msg-f:1823773289072595296&amp;th=194f5824c6049160&amp;view=fimg&amp;fur=ip&amp;permmsgid=msg-f:1823773289072595296&amp;sz=s0-l75-ft&amp;attbid=ANGjdJ97fMdGuhpNkAQ2thpCRIonoLCyYUZYT5SOQhsvLxtt_F3gZf513_qMxWeqXd1b2bqPvguBOWfZMISG91qEa8XAzYN34l1d_dKTOuf-7s5SIOtsUiKbAQM0Zpg&amp;disp=emb&amp;realattid&amp;zw\" alt=\"image\" width=\"31\" height=\"31\" data-image-whitelisted=\"\" data-bit=\"iit\"><\/a><\/p>\n<p><img loading=\"lazy\" decoding=\"async\" class=\"aligncenter size-large wp-image-4852\" src=\"http:\/\/www.lakstingala.vilnius.lm.lt\/wp-content\/uploads\/2025\/02\/\u201e\u201eVSS-prisistatymo-kortele_Kristina-kopija-kopija-6-1024x512.png\" alt=\"\" width=\"584\" height=\"292\" srcset=\"https:\/\/www.lakstingala.vilnius.lm.lt\/wp-content\/uploads\/2025\/02\/\u201e\u201eVSS-prisistatymo-kortele_Kristina-kopija-kopija-6-1024x512.png 1024w, https:\/\/www.lakstingala.vilnius.lm.lt\/wp-content\/uploads\/2025\/02\/\u201e\u201eVSS-prisistatymo-kortele_Kristina-kopija-kopija-6-300x150.png 300w, https:\/\/www.lakstingala.vilnius.lm.lt\/wp-content\/uploads\/2025\/02\/\u201e\u201eVSS-prisistatymo-kortele_Kristina-kopija-kopija-6-768x384.png 768w, https:\/\/www.lakstingala.vilnius.lm.lt\/wp-content\/uploads\/2025\/02\/\u201e\u201eVSS-prisistatymo-kortele_Kristina-kopija-kopija-6-1536x768.png 1536w, https:\/\/www.lakstingala.vilnius.lm.lt\/wp-content\/uploads\/2025\/02\/\u201e\u201eVSS-prisistatymo-kortele_Kristina-kopija-kopija-6-2048x1024.png 2048w, https:\/\/www.lakstingala.vilnius.lm.lt\/wp-content\/uploads\/2025\/02\/\u201e\u201eVSS-prisistatymo-kortele_Kristina-kopija-kopija-6-500x250.png 500w\" sizes=\"(max-width: 584px) 100vw, 584px\" \/><\/td>\n<\/tr>\n<\/tbody>\n<\/table>\n","protected":false},"excerpt":{"rendered":"<p>Meninio ugdymo pedagogas Organizuoja vaik\u0173 muzikin\u012f ugdym\u0105, lavina j\u0173 muzikinius gabumus, muzikos atlikimo \u012fg\u016bd\u017eius, k\u016brybin\u0119 vaizduot\u0119; Individualizuoja ir diferencijuoja ugdym\u0105 pagal vaik\u0173 geb\u0117jimus ir am\u017ei\u0173; Bendradarbiauja su grupi\u0173 pedagogais: lanks\u010diai derina savo muzikin\u0119 veikl\u0105 su grup\u0117s veikla, dalyvauja vykdomuose projektuose; &hellip; <a href=\"https:\/\/www.lakstingala.vilnius.lm.lt\/?page_id=2908\">Skaitykite toliau <span class=\"meta-nav\">&rarr;<\/span><\/a><\/p>\n","protected":false},"author":1,"featured_media":0,"parent":148,"menu_order":0,"comment_status":"closed","ping_status":"closed","template":"","meta":{"ngg_post_thumbnail":0,"footnotes":""},"_links":{"self":[{"href":"https:\/\/www.lakstingala.vilnius.lm.lt\/index.php?rest_route=\/wp\/v2\/pages\/2908"}],"collection":[{"href":"https:\/\/www.lakstingala.vilnius.lm.lt\/index.php?rest_route=\/wp\/v2\/pages"}],"about":[{"href":"https:\/\/www.lakstingala.vilnius.lm.lt\/index.php?rest_route=\/wp\/v2\/types\/page"}],"author":[{"embeddable":true,"href":"https:\/\/www.lakstingala.vilnius.lm.lt\/index.php?rest_route=\/wp\/v2\/users\/1"}],"replies":[{"embeddable":true,"href":"https:\/\/www.lakstingala.vilnius.lm.lt\/index.php?rest_route=%2Fwp%2Fv2%2Fcomments&post=2908"}],"version-history":[{"count":10,"href":"https:\/\/www.lakstingala.vilnius.lm.lt\/index.php?rest_route=\/wp\/v2\/pages\/2908\/revisions"}],"predecessor-version":[{"id":4854,"href":"https:\/\/www.lakstingala.vilnius.lm.lt\/index.php?rest_route=\/wp\/v2\/pages\/2908\/revisions\/4854"}],"up":[{"embeddable":true,"href":"https:\/\/www.lakstingala.vilnius.lm.lt\/index.php?rest_route=\/wp\/v2\/pages\/148"}],"wp:attachment":[{"href":"https:\/\/www.lakstingala.vilnius.lm.lt\/index.php?rest_route=%2Fwp%2Fv2%2Fmedia&parent=2908"}],"curies":[{"name":"wp","href":"https:\/\/api.w.org\/{rel}","templated":true}]}}