{"id":2924,"date":"2020-09-30T13:04:41","date_gmt":"2020-09-30T10:04:41","guid":{"rendered":"http:\/\/www.lakstingala.vilnius.lm.lt\/?page_id=2924"},"modified":"2025-02-18T16:00:44","modified_gmt":"2025-02-18T14:00:44","slug":"biudzeto-vykdymo-ataskaitu-rinkiniai-2","status":"publish","type":"page","link":"https:\/\/www.lakstingala.vilnius.lm.lt\/?page_id=2924","title":{"rendered":"Biud\u017eeto vykdymo ataskait\u0173 rinkiniai"},"content":{"rendered":"<h1><a href=\"http:\/\/www.lakstingala.vilnius.lm.lt\/wp-content\/uploads\/2025\/02\/2024rinkiniai.zip\" target=\"_blank\" rel=\"noopener noreferrer\">2024 biud\u017eeto vykdymo ataskait\u0173 rinkiniai<\/a><\/h1>\n<h1><a href=\"http:\/\/www.lakstingala.vilnius.lm.lt\/wp-content\/uploads\/2025\/02\/2023rinkiniai.zip\" target=\"_blank\" rel=\"noopener noreferrer\">2023 biud\u017eeto vykdymo ataskait\u0173 rinkiniai<\/a><\/h1>\n<h1><a href=\"http:\/\/www.lakstingala.vilnius.lm.lt\/wp-content\/uploads\/2023\/12\/U\u017e-2022-m.190023010-Vilniaus-lop\u0161elis-dar\u017eelis-Lak\u0161tingala-2022.pdf\" target=\"_blank\" rel=\"noopener noreferrer\">2022 biud\u017eeto vykdymo ataskait\u0173 rinkiniai<\/a><\/h1>\n<h1><a href=\"http:\/\/www.lakstingala.vilnius.lm.lt\/wp-content\/uploads\/2023\/12\/u\u017e-2021-m.190023010-Vilniaus-lop\u0161elis-dar\u017eelis-Lak\u0161tingala-2021.pdf\" target=\"_blank\" rel=\"noopener noreferrer\">2021 biud\u017eeto vykdymo ataskait\u0173 rinkiniai<\/a><\/h1>\n<h1><a href=\"http:\/\/www.lakstingala.vilnius.lm.lt\/wp-content\/uploads\/2020\/11\/2020samatosataskaita.zip\" target=\"_blank\" rel=\"noopener noreferrer\">2020 biud\u017eeto vykdymo ataskait\u0173 rinkiniai<\/a><\/h1>\n<h1><a href=\"http:\/\/www.lakstingala.vilnius.lm.lt\/wp-content\/uploads\/2016\/04\/2019samatosataskaita.zip\" target=\"_blank\" rel=\"noopener noreferrer\">2019 biud\u017eeto vykdymo ataskait\u0173 rinkiniai<\/a><\/h1>\n<h1><a href=\"http:\/\/www.lakstingala.vilnius.lm.lt\/wp-content\/uploads\/2020\/09\/Biud\u017eeto-i\u0161laid\u0173-s\u0105matos-vykdymo-atsakaita-2018.pdf\" target=\"_blank\" rel=\"noopener noreferrer\">2018 biud\u017eeto vykdymo ataskait\u0173 rinkiniai<\/a><\/h1>\n<h1><a href=\"http:\/\/www.lakstingala.vilnius.lm.lt\/wp-content\/uploads\/2020\/09\/Biud\u017eeto-i\u0161laid\u0173-s\u0105matos-vykdymo-ataskaita-2017.pdf\" target=\"_blank\" rel=\"noopener noreferrer\">2017 biud\u017eeto vykdymo ataskait\u0173 rinkiniai<\/a><\/h1>\n<h1>&nbsp;<\/h1>\n","protected":false},"excerpt":{"rendered":"<p>2024 biud\u017eeto vykdymo ataskait\u0173 rinkiniai 2023 biud\u017eeto vykdymo ataskait\u0173 rinkiniai 2022 biud\u017eeto vykdymo ataskait\u0173 rinkiniai 2021 biud\u017eeto vykdymo ataskait\u0173 rinkiniai 2020 biud\u017eeto vykdymo ataskait\u0173 rinkiniai 2019 biud\u017eeto vykdymo ataskait\u0173 rinkiniai 2018 biud\u017eeto vykdymo ataskait\u0173 rinkiniai 2017 biud\u017eeto vykdymo ataskait\u0173 rinkiniai &hellip; <a href=\"https:\/\/www.lakstingala.vilnius.lm.lt\/?page_id=2924\">Skaitykite toliau <span class=\"meta-nav\">&rarr;<\/span><\/a><\/p>\n","protected":false},"author":1,"featured_media":0,"parent":8,"menu_order":9,"comment_status":"closed","ping_status":"closed","template":"","meta":{"ngg_post_thumbnail":0,"footnotes":""},"_links":{"self":[{"href":"https:\/\/www.lakstingala.vilnius.lm.lt\/index.php?rest_route=\/wp\/v2\/pages\/2924"}],"collection":[{"href":"https:\/\/www.lakstingala.vilnius.lm.lt\/index.php?rest_route=\/wp\/v2\/pages"}],"about":[{"href":"https:\/\/www.lakstingala.vilnius.lm.lt\/index.php?rest_route=\/wp\/v2\/types\/page"}],"author":[{"embeddable":true,"href":"https:\/\/www.lakstingala.vilnius.lm.lt\/index.php?rest_route=\/wp\/v2\/users\/1"}],"replies":[{"embeddable":true,"href":"https:\/\/www.lakstingala.vilnius.lm.lt\/index.php?rest_route=%2Fwp%2Fv2%2Fcomments&post=2924"}],"version-history":[{"count":8,"href":"https:\/\/www.lakstingala.vilnius.lm.lt\/index.php?rest_route=\/wp\/v2\/pages\/2924\/revisions"}],"predecessor-version":[{"id":4950,"href":"https:\/\/www.lakstingala.vilnius.lm.lt\/index.php?rest_route=\/wp\/v2\/pages\/2924\/revisions\/4950"}],"up":[{"embeddable":true,"href":"https:\/\/www.lakstingala.vilnius.lm.lt\/index.php?rest_route=\/wp\/v2\/pages\/8"}],"wp:attachment":[{"href":"https:\/\/www.lakstingala.vilnius.lm.lt\/index.php?rest_route=%2Fwp%2Fv2%2Fmedia&parent=2924"}],"curies":[{"name":"wp","href":"https:\/\/api.w.org\/{rel}","templated":true}]}}