{"id":3112,"date":"2020-10-30T09:15:38","date_gmt":"2020-10-30T07:15:38","guid":{"rendered":"http:\/\/www.lakstingala.vilnius.lm.lt\/?page_id=3112"},"modified":"2025-11-13T15:54:07","modified_gmt":"2025-11-13T13:54:07","slug":"mokescio-tvarka-uz-vaiko-islaikyma-darzelyje","status":"publish","type":"page","link":"https:\/\/www.lakstingala.vilnius.lm.lt\/?page_id=3112","title":{"rendered":"Mokes\u010dio tvarka u\u017e vaiko i\u0161laikym\u0105 dar\u017eelyje"},"content":{"rendered":"<p><a href=\"http:\/\/www.lakstingala.vilnius.lm.lt\/wp-content\/uploads\/2025\/11\/Mokestis-Uz-Islaikyma.pdf\" target=\"_blank\" rel=\"noopener noreferrer\">Mokes\u010dio u\u017e vaiko i\u0161laikym\u0105 tvarka<\/a><\/p>\n<p><a href=\"https:\/\/vilnius.lt\/lt\/2024\/06\/25\/jau-galima-kreiptis-del-socialines-paramos-mokiniams-ateinantiems-mokslo-metams\/\" target=\"_blank\" rel=\"noopener noreferrer\">Socialin\u0117s paramos mokiniams galimyb\u0117s<\/a><\/p>\n<p>Atmintin\u0117 kaip mok\u0117ti u\u017e suteiktas paslaugas pagal \u012fmokos kod\u0105&nbsp;<strong>31550<\/strong>&nbsp;&nbsp;<strong>per AB SEB bank\u0105, AB Swedbank bank\u0105, AB Luminor DNB bank\u0105<\/strong>. Atkreipiame d\u0117mes\u012f, kad kai kurie t\u0117vai (glob\u0117jai) mok\u0117dami u\u017e Ugdymo \u012fstaigoje suteiktas maitinimo ir ugdymo paslaugas, nenurodo \u012fmokos kodo, mok\u0117tojo kodo bei ugdytinio vardo, pavard\u0117s. Nenurod\u017eius \u0161ios svarbios &nbsp;informacijos mok\u0117jimuose &nbsp;atsiranda sunkum\u0173 &nbsp;u\u017eskaitant pinigus &nbsp;ugdytiniams. <a href=\"http:\/\/www.lakstingala.vilnius.lm.lt\/wp-content\/uploads\/2023\/12\/\u012emok\u0173-u\u017e-suteiktas-paslaugas-mok\u0117jimai-bankuose-pagal-\u012fmokos-kod\u0105-31550-pavyzd\u017eiai-2022.pdf\" target=\"_blank\" rel=\"noopener noreferrer\">Mok\u0117jim\u0173 atmintines rasite \u010dia.<\/a><\/p>\n<p><strong>S\u0105skaitos u\u017e dar\u017eel\u012f<\/strong><\/p>\n<p>I\u0161reik\u0161dami savo sutikim\u0105 gauti s\u0105skaitas el. pa\u0161tu turite pa\u017eym\u0117ti varnel\u0119 skiltyje \u2013&nbsp;<strong><em>Gauti s\u0105skaitas el.&nbsp;pa\u0161tu.<\/em><\/strong>&nbsp;Atkreipiame d\u0117mes\u012f, kad el. s\u0105skaitos bus gaunamos&nbsp;<strong>tik tuo atveju<\/strong>, jei J\u016bs prisijungsite prie sistemos ir pa\u017eym\u0117site varnel\u0119 skiltyje&nbsp;<strong><em>Ikimokyklinis ugdymas \u2013 Mano dar\u017eelis \u2013 S\u0105skaitos.<\/em><\/strong><\/p>\n<p>PA\u017dYMIME, kad&nbsp;mokestis u\u017e vaikui&nbsp;teikiamas paslaugas dar\u017eelyje yra pateikiamas svetain\u0117je:&nbsp;<\/p>\n<ul>\n<li>&nbsp;<a href=\"https:\/\/svietimas.vilnius.lt\/\" target=\"_blank\" rel=\"noopener noreferrer\" data-saferedirecturl=\"https:\/\/www.google.com\/url?q=https:\/\/svietimas.vilnius.lt\/&amp;source=gmail&amp;ust=1702463514052000&amp;usg=AOvVaw3NHJzKjacmJWFxRyZCy1mu\">https:\/\/svietimas.vilnius.lt\/<\/a>&nbsp;arba&nbsp;<a href=\"https:\/\/darzelis.vilnius.lt\/\" target=\"_blank\" rel=\"noopener noreferrer\" data-saferedirecturl=\"https:\/\/www.google.com\/url?q=https:\/\/darzelis.vilnius.lt\/&amp;source=gmail&amp;ust=1702463514052000&amp;usg=AOvVaw2G-lyTjQU816qS25yPX-yu\">https:\/\/darzelis.vilnius.lt\/<\/a>&nbsp;. Nurodytoje svetain\u0117je reikia prisijungti prie dar\u017eeli\u0173 informacin\u0117s sistemos \u201cMano dar\u017eelis\u201d. T\u0117vai, turintys paskyras, gali prisijungti ir matyti kvitus. T\u0117vai, kurie neturi susik\u016br\u0119 paskyr\u0173, kvitus gali matyti prisijung\u0119 per elektroninius vald\u017eios vartus: (<a href=\"http:\/\/www.epaslaugos.lt\/\" target=\"_blank\" rel=\"noopener noreferrer\" data-saferedirecturl=\"https:\/\/www.google.com\/url?q=http:\/\/www.epaslaugos.lt\/&amp;source=gmail&amp;ust=1702463514052000&amp;usg=AOvVaw0Imi8PQtXyhyBwK3OEvWr7\">www.epaslaugos.lt<\/a>);<\/li>\n<li>patikrinkite ar&nbsp;J\u016bs\u0173 nurodyti kontaktiniai adresai n\u0117ra pasikeit\u0119. Jei duomenys pasikeit\u0117, reikia&nbsp;juos&nbsp;atnaujinti&nbsp;<a style=\"font-style: inherit; font-weight: inherit;\" href=\"http:\/\/www.svietimas.vilnius.lt\/\" target=\"_blank\" rel=\"noopener noreferrer\" data-saferedirecturl=\"https:\/\/www.google.com\/url?q=http:\/\/www.svietimas.vilnius.lt\/&amp;source=gmail&amp;ust=1702463514052000&amp;usg=AOvVaw3W6-aISQYARpIdpHCeToSs\">www.svietimas.vilnius.lt<\/a>:&nbsp;<em style=\"font-weight: inherit;\"><strong>Ikimokyklinis ugdymas&nbsp;\u2013 Mano dar\u017eelis&nbsp;\u2013&nbsp;Lankantys \u012fstaigas vaikai<\/strong>&nbsp;<\/em>\u2013 Paspausti ant vaiko vardo, pavard\u0117s&nbsp;\u2013 Ties T\u0117vo(Glob\u0117jo) ID numeriu paspausti piktogram\u0105.<\/li>\n<li>Mokestis mokamas u\u017e&nbsp;<strong><u>pra\u0117jus\u012f m\u0117nes\u012f<\/u><\/strong>&nbsp;ir&nbsp;<strong><u>turi b\u016bti sumok\u0117tas iki&nbsp;einamojo m\u0117nesio 25 dienos.&nbsp;<\/u><\/strong><\/li>\n<\/ul>\n","protected":false},"excerpt":{"rendered":"<p>Mokes\u010dio u\u017e vaiko i\u0161laikym\u0105 tvarka Socialin\u0117s paramos mokiniams galimyb\u0117s Atmintin\u0117 kaip mok\u0117ti u\u017e suteiktas paslaugas pagal \u012fmokos kod\u0105&nbsp;31550&nbsp;&nbsp;per AB SEB bank\u0105, AB Swedbank bank\u0105, AB Luminor DNB bank\u0105. Atkreipiame d\u0117mes\u012f, kad kai kurie t\u0117vai (glob\u0117jai) mok\u0117dami u\u017e Ugdymo \u012fstaigoje suteiktas &hellip; <a href=\"https:\/\/www.lakstingala.vilnius.lm.lt\/?page_id=3112\">Skaitykite toliau <span class=\"meta-nav\">&rarr;<\/span><\/a><\/p>\n","protected":false},"author":1,"featured_media":0,"parent":74,"menu_order":0,"comment_status":"closed","ping_status":"closed","template":"","meta":{"ngg_post_thumbnail":0,"footnotes":""},"_links":{"self":[{"href":"https:\/\/www.lakstingala.vilnius.lm.lt\/index.php?rest_route=\/wp\/v2\/pages\/3112"}],"collection":[{"href":"https:\/\/www.lakstingala.vilnius.lm.lt\/index.php?rest_route=\/wp\/v2\/pages"}],"about":[{"href":"https:\/\/www.lakstingala.vilnius.lm.lt\/index.php?rest_route=\/wp\/v2\/types\/page"}],"author":[{"embeddable":true,"href":"https:\/\/www.lakstingala.vilnius.lm.lt\/index.php?rest_route=\/wp\/v2\/users\/1"}],"replies":[{"embeddable":true,"href":"https:\/\/www.lakstingala.vilnius.lm.lt\/index.php?rest_route=%2Fwp%2Fv2%2Fcomments&post=3112"}],"version-history":[{"count":8,"href":"https:\/\/www.lakstingala.vilnius.lm.lt\/index.php?rest_route=\/wp\/v2\/pages\/3112\/revisions"}],"predecessor-version":[{"id":5075,"href":"https:\/\/www.lakstingala.vilnius.lm.lt\/index.php?rest_route=\/wp\/v2\/pages\/3112\/revisions\/5075"}],"up":[{"embeddable":true,"href":"https:\/\/www.lakstingala.vilnius.lm.lt\/index.php?rest_route=\/wp\/v2\/pages\/74"}],"wp:attachment":[{"href":"https:\/\/www.lakstingala.vilnius.lm.lt\/index.php?rest_route=%2Fwp%2Fv2%2Fmedia&parent=3112"}],"curies":[{"name":"wp","href":"https:\/\/api.w.org\/{rel}","templated":true}]}}