{"id":3242,"date":"2021-02-12T10:13:29","date_gmt":"2021-02-12T08:13:29","guid":{"rendered":"http:\/\/www.lakstingala.vilnius.lm.lt\/?page_id=3242"},"modified":"2025-02-18T15:27:53","modified_gmt":"2025-02-18T13:27:53","slug":"uzgavenes-2021","status":"publish","type":"page","link":"https:\/\/www.lakstingala.vilnius.lm.lt\/?page_id=3242","title":{"rendered":"U\u017egav\u0117nes 2021"},"content":{"rendered":"<p><iframe loading=\"lazy\" title=\"u\u017egav\u0117n\u0117s 2021\" width=\"584\" height=\"329\" src=\"https:\/\/www.youtube.com\/embed\/Am09pewGi1Y?feature=oembed\" frameborder=\"0\" allow=\"accelerometer; autoplay; clipboard-write; encrypted-media; gyroscope; picture-in-picture; web-share\" referrerpolicy=\"strict-origin-when-cross-origin\" allowfullscreen><\/iframe><\/p>\n","protected":false},"excerpt":{"rendered":"","protected":false},"author":1,"featured_media":0,"parent":227,"menu_order":1,"comment_status":"closed","ping_status":"closed","template":"","meta":{"ngg_post_thumbnail":0,"footnotes":""},"_links":{"self":[{"href":"https:\/\/www.lakstingala.vilnius.lm.lt\/index.php?rest_route=\/wp\/v2\/pages\/3242"}],"collection":[{"href":"https:\/\/www.lakstingala.vilnius.lm.lt\/index.php?rest_route=\/wp\/v2\/pages"}],"about":[{"href":"https:\/\/www.lakstingala.vilnius.lm.lt\/index.php?rest_route=\/wp\/v2\/types\/page"}],"author":[{"embeddable":true,"href":"https:\/\/www.lakstingala.vilnius.lm.lt\/index.php?rest_route=\/wp\/v2\/users\/1"}],"replies":[{"embeddable":true,"href":"https:\/\/www.lakstingala.vilnius.lm.lt\/index.php?rest_route=%2Fwp%2Fv2%2Fcomments&post=3242"}],"version-history":[{"count":1,"href":"https:\/\/www.lakstingala.vilnius.lm.lt\/index.php?rest_route=\/wp\/v2\/pages\/3242\/revisions"}],"predecessor-version":[{"id":3243,"href":"https:\/\/www.lakstingala.vilnius.lm.lt\/index.php?rest_route=\/wp\/v2\/pages\/3242\/revisions\/3243"}],"up":[{"embeddable":true,"href":"https:\/\/www.lakstingala.vilnius.lm.lt\/index.php?rest_route=\/wp\/v2\/pages\/227"}],"wp:attachment":[{"href":"https:\/\/www.lakstingala.vilnius.lm.lt\/index.php?rest_route=%2Fwp%2Fv2%2Fmedia&parent=3242"}],"curies":[{"name":"wp","href":"https:\/\/api.w.org\/{rel}","templated":true}]}}