{"id":3257,"date":"2021-02-14T14:13:29","date_gmt":"2021-02-14T12:13:29","guid":{"rendered":"http:\/\/www.lakstingala.vilnius.lm.lt\/?page_id=3257"},"modified":"2021-02-14T14:13:29","modified_gmt":"2021-02-14T12:13:29","slug":"korupcijos-prevencija","status":"publish","type":"page","link":"https:\/\/www.lakstingala.vilnius.lm.lt\/?page_id=3257","title":{"rendered":"Korupcijos prevencija"},"content":{"rendered":"<p align=\"center\"><strong><em>Apie pasteb\u0117tus galimus korupcijos atvejus Vilniaus bei kit\u0173 miest\u0173 gyventojai, Vilniaus miesto savivaldyb\u0117s institucij\u0173 ir \u012fstaig\u0173 tarnautojai (darbuotojai) gali prane\u0161ti:<\/em><\/strong><\/p>\n<ul>\n<li><a href=\"https:\/\/vilnius.lt\/lt\/personalas\/korupcijos-prevencija\/\" target=\"_blank\" rel=\"noopener noreferrer\">Vilniaus miesto savivaldybei<\/a>\n<p>Anoniminis pasitik\u0117jimo tel. (8 5) 211 2885<\/p>\n<p>El. pa\u0161tas stop.korupcija@vilnius.lt<\/li>\n<li>&nbsp;<a href=\"https:\/\/www.stt.lt\/lt\/praneskite-apie-korupcija\/palikite-pranesima-cia\/#turinys\" target=\"_blank\" rel=\"noopener noreferrer\">Kreiptis&nbsp;tiesiogiai \u012f Lietuvos Respublikos speciali\u0173j\u0173 tyrim\u0173 tarnyb\u0105 (STT)<\/a>\n<p>Kar\u0161toji linija tel. (8 5) 266 3333<\/p>\n<p><em>\u012esp\u0117jame, kad Lietuvos Respublikos baud\u017eiamojo kodekso 236 straipsnyje yra nustatyta baud\u017eiamoji atsakomyb\u0117 u\u017e melaging\u0105 nekalto asmens \u012fskundim\u0105 padarius nusikalstam\u0105 veik\u0105 arba prane\u0161im\u0105 apie \u017einomai neb\u016bt\u0105 nusikaltim\u0105.<\/em><\/p>\n<p>Asmenims, suteikusiems STT verting\u0105 informacij\u0105 apie korupcinio pob\u016bd\u017eio nusikalstamas veikas, gali b\u016bti atlyginama.<\/li>\n<li>Norintiems anonimi\u0161kai prane\u0161ti Vilniaus \u201eLak\u0161tingalos\u201c&nbsp; lop\u0161elio-dar\u017eelio direktoriui apie galimus korupcijos atvejus<br \/>\nskambinti telefonu 8~5 777998&nbsp;arba para\u0161yti elektroniniu pa\u0161tu&nbsp;&nbsp;<a href=\"mailto:rastine@lakstingala.vilnius.lm.lt\" target=\"_blank\" rel=\"noopener noreferrer\">rastine@lakstingala.vilnius.<wbr>lm.lt<\/a><\/li>\n<\/ul>\n<p>D\u0117mesio!<br \/>\nNuo 2019 m. sausio 1 d., vadovaujantis Korupcijos prevencijos \u012fstatymo 10 straipsniu, valstyb\u0117s tarnautojas ar jam prilygintas asmuo apie jam \u017einom\u0105 korupcinio pob\u016bd\u017eio nusikalstam\u0105 veik\u0105, i\u0161skyrus veik\u0105, kuri\u0105 galb\u016bt padar\u0117 jo artimieji giminai\u010diai ar \u0161eimos nariai,<\/p>\n<p style=\"text-align: left; padding-left: 30px;\"><span style=\"color: #ff0000;\">privalo prane\u0161ti<\/span><br \/>\nSpeciali\u0173j\u0173 tyrim\u0173 tarnybai,<br \/>\nLietuvos Respublikos prokurat\u016brai arba<br \/>\nikiteisminio tyrimo \u012fstaigai.<br \/>\n<span style=\"color: #ff0000;\">Tai yra jo pareiga.<\/span><\/p>\n<p>Jei J\u016bs turite informacijos apie veik\u0105, turin\u010di\u0105 korupcinio pob\u016bd\u017eio nusikalstamos veikos po\u017eymi\u0173, pra\u0161ome atlikti \u0161i\u0105 pareig\u0105 ir nedvejojant kreiptis \u012f min\u0117tas \u012fstaigas.<\/p>\n<p>Dalinam\u0117s su Speciali\u0173j\u0173 tyrim\u0173 tarnybos parengta <a href=\"https:\/\/vilnius.lt\/wp-content\/uploads\/2019\/01\/Atmintin%C4%97.pdf\" target=\"_blank\" rel=\"noopener noreferrer\">Atmintine<\/a>, kurioje ai\u0161kiai ir suprantamai i\u0161d\u0117styta prane\u0161imo apie asmeniui \u017einomo korupcinio pob\u016bd\u017eio nusikalstam\u0105 veik\u0105 tvarka.<\/p>\n<p>Speciali\u0173j\u0173 tyrim\u0173 tarnybos direktoriaus 2018 m. gegu\u017e\u0117s 21 d. \u012fsakymu Nr. 2-86 patvirtinta <a href=\"https:\/\/vilnius.lt\/wp-content\/uploads\/2019\/01\/Pranesimas_apie_korupcinio_pobudzio_teises_pazeidima.docx\" target=\"_blank\" rel=\"noopener noreferrer\">Prane\u0161imo apie korupcinio pob\u016bd\u017eio teis\u0117s pa\u017eeidimo forma.<\/a><\/p>\n<p><strong>Korupcija<\/strong> \u2013 bet koks asmen\u0173, dirban\u010di\u0173 valstybin\u0117je tarnyboje (valstyb\u0117s politiko, teis\u0117jo, valstyb\u0117s pareig\u016bno, valstyb\u0117s tarnautojo ir kito jam prilyginto asmens), elgesys, neatitinkantis jiems suteikt\u0173 \u012fgaliojim\u0173 ar teis\u0117s aktuose nustatyt\u0173 elgesio standart\u0173, ar tokio elgesio skatinimas, siekiant naudos sau ar kitiems asmenims ir taip pakenkiant pilie\u010di\u0173 ir valstyb\u0117s interesams.<\/p>\n<p><strong>Teis\u0117s aktai<\/strong><\/p>\n<p><a href=\"https:\/\/e-seimas.lrs.lt\/portal\/legalAct\/lt\/TAD\/TAIS.168154\/eDNQZiHueS%20\" target=\"_blank\" rel=\"noopener noreferrer\">Lietuvos Respublikos Korupcijos prevencijos \u012fstatymas<\/a><br \/>\n<a href=\"http:\/\/www.stt.lt\/lt\/menu\/nacionaline-kovos-su-korupcija-programa\/nkkp-2015-2025\/#turinys\" target=\"_blank\" rel=\"noopener noreferrer\">Lietuvos Respublikos nacionalin\u0117 kovos su korupcija programa<\/a><br \/>\n<a href=\"https:\/\/e-seimas.lrs.lt\/portal\/legalAct\/lt\/TAD\/TAIS.41669\/grnNIKfGyo\" target=\"_blank\" rel=\"noopener noreferrer\">Vie\u0161\u0173j\u0173 ir priva\u010di\u0173 interes\u0173 derinimo valstyb\u0117s tarnyboje \u012fstatymas<\/a><\/p>\n<p>&nbsp;<\/p>\n","protected":false},"excerpt":{"rendered":"<p>Apie pasteb\u0117tus galimus korupcijos atvejus Vilniaus bei kit\u0173 miest\u0173 gyventojai, Vilniaus miesto savivaldyb\u0117s institucij\u0173 ir \u012fstaig\u0173 tarnautojai (darbuotojai) gali prane\u0161ti: Vilniaus miesto savivaldybei Anoniminis pasitik\u0117jimo tel. (8 5) 211 2885 El. pa\u0161tas stop.korupcija@vilnius.lt &nbsp;Kreiptis&nbsp;tiesiogiai \u012f Lietuvos Respublikos speciali\u0173j\u0173 tyrim\u0173 tarnyb\u0105 &hellip; <a href=\"https:\/\/www.lakstingala.vilnius.lm.lt\/?page_id=3257\">Skaitykite toliau <span class=\"meta-nav\">&rarr;<\/span><\/a><\/p>\n","protected":false},"author":1,"featured_media":0,"parent":74,"menu_order":2,"comment_status":"closed","ping_status":"closed","template":"","meta":{"ngg_post_thumbnail":0,"footnotes":""},"_links":{"self":[{"href":"https:\/\/www.lakstingala.vilnius.lm.lt\/index.php?rest_route=\/wp\/v2\/pages\/3257"}],"collection":[{"href":"https:\/\/www.lakstingala.vilnius.lm.lt\/index.php?rest_route=\/wp\/v2\/pages"}],"about":[{"href":"https:\/\/www.lakstingala.vilnius.lm.lt\/index.php?rest_route=\/wp\/v2\/types\/page"}],"author":[{"embeddable":true,"href":"https:\/\/www.lakstingala.vilnius.lm.lt\/index.php?rest_route=\/wp\/v2\/users\/1"}],"replies":[{"embeddable":true,"href":"https:\/\/www.lakstingala.vilnius.lm.lt\/index.php?rest_route=%2Fwp%2Fv2%2Fcomments&post=3257"}],"version-history":[{"count":1,"href":"https:\/\/www.lakstingala.vilnius.lm.lt\/index.php?rest_route=\/wp\/v2\/pages\/3257\/revisions"}],"predecessor-version":[{"id":3258,"href":"https:\/\/www.lakstingala.vilnius.lm.lt\/index.php?rest_route=\/wp\/v2\/pages\/3257\/revisions\/3258"}],"up":[{"embeddable":true,"href":"https:\/\/www.lakstingala.vilnius.lm.lt\/index.php?rest_route=\/wp\/v2\/pages\/74"}],"wp:attachment":[{"href":"https:\/\/www.lakstingala.vilnius.lm.lt\/index.php?rest_route=%2Fwp%2Fv2%2Fmedia&parent=3257"}],"curies":[{"name":"wp","href":"https:\/\/api.w.org\/{rel}","templated":true}]}}