{"id":417,"date":"2016-11-09T11:26:36","date_gmt":"2016-11-09T09:26:36","guid":{"rendered":"http:\/\/www.lakstingala.vilnius.lm.lt\/?page_id=417"},"modified":"2020-03-12T10:17:41","modified_gmt":"2020-03-12T08:17:41","slug":"oranzinio-traukinio-kelione-per-lietuva","status":"publish","type":"page","link":"https:\/\/www.lakstingala.vilnius.lm.lt\/?page_id=417","title":{"rendered":"Oran\u017einio traukinio kelion\u0117 per Lietuv\u0105"},"content":{"rendered":"<p><img loading=\"lazy\" decoding=\"async\" class=\"aligncenter size-medium wp-image-418\" src=\"http:\/\/www.lakstingala.vilnius.lm.lt\/wp-content\/uploads\/2016\/11\/DSC_0415-300x169.jpg\" alt=\"Moli\u016bgo sodinimas\" width=\"300\" height=\"169\" srcset=\"https:\/\/www.lakstingala.vilnius.lm.lt\/wp-content\/uploads\/2016\/11\/DSC_0415-300x169.jpg 300w, https:\/\/www.lakstingala.vilnius.lm.lt\/wp-content\/uploads\/2016\/11\/DSC_0415-768x432.jpg 768w, https:\/\/www.lakstingala.vilnius.lm.lt\/wp-content\/uploads\/2016\/11\/DSC_0415-1024x576.jpg 1024w, https:\/\/www.lakstingala.vilnius.lm.lt\/wp-content\/uploads\/2016\/11\/DSC_0415-500x281.jpg 500w\" sizes=\"(max-width: 300px) 100vw, 300px\" \/> <img loading=\"lazy\" decoding=\"async\" class=\"aligncenter size-medium wp-image-419\" src=\"http:\/\/www.lakstingala.vilnius.lm.lt\/wp-content\/uploads\/2016\/11\/DSC_1656-300x169.jpg\" alt=\"DSC_1656\" width=\"300\" height=\"169\" srcset=\"https:\/\/www.lakstingala.vilnius.lm.lt\/wp-content\/uploads\/2016\/11\/DSC_1656-300x169.jpg 300w, https:\/\/www.lakstingala.vilnius.lm.lt\/wp-content\/uploads\/2016\/11\/DSC_1656-768x432.jpg 768w, https:\/\/www.lakstingala.vilnius.lm.lt\/wp-content\/uploads\/2016\/11\/DSC_1656-1024x576.jpg 1024w, https:\/\/www.lakstingala.vilnius.lm.lt\/wp-content\/uploads\/2016\/11\/DSC_1656-500x281.jpg 500w\" sizes=\"(max-width: 300px) 100vw, 300px\" \/> <img loading=\"lazy\" decoding=\"async\" class=\"aligncenter size-medium wp-image-420\" src=\"http:\/\/www.lakstingala.vilnius.lm.lt\/wp-content\/uploads\/2016\/11\/DSC_1664-300x169.jpg\" alt=\"DSC_1664\" width=\"300\" height=\"169\" srcset=\"https:\/\/www.lakstingala.vilnius.lm.lt\/wp-content\/uploads\/2016\/11\/DSC_1664-300x169.jpg 300w, https:\/\/www.lakstingala.vilnius.lm.lt\/wp-content\/uploads\/2016\/11\/DSC_1664-768x432.jpg 768w, https:\/\/www.lakstingala.vilnius.lm.lt\/wp-content\/uploads\/2016\/11\/DSC_1664-1024x576.jpg 1024w, https:\/\/www.lakstingala.vilnius.lm.lt\/wp-content\/uploads\/2016\/11\/DSC_1664-500x281.jpg 500w\" sizes=\"(max-width: 300px) 100vw, 300px\" \/> <img loading=\"lazy\" decoding=\"async\" class=\"aligncenter size-medium wp-image-421\" src=\"http:\/\/www.lakstingala.vilnius.lm.lt\/wp-content\/uploads\/2016\/11\/DSC_1745-300x169.jpg\" alt=\"DSC_1745\" width=\"300\" height=\"169\" srcset=\"https:\/\/www.lakstingala.vilnius.lm.lt\/wp-content\/uploads\/2016\/11\/DSC_1745-300x169.jpg 300w, https:\/\/www.lakstingala.vilnius.lm.lt\/wp-content\/uploads\/2016\/11\/DSC_1745-768x432.jpg 768w, https:\/\/www.lakstingala.vilnius.lm.lt\/wp-content\/uploads\/2016\/11\/DSC_1745-1024x576.jpg 1024w, https:\/\/www.lakstingala.vilnius.lm.lt\/wp-content\/uploads\/2016\/11\/DSC_1745-500x281.jpg 500w\" sizes=\"(max-width: 300px) 100vw, 300px\" \/> <img loading=\"lazy\" decoding=\"async\" class=\"aligncenter size-medium wp-image-422\" src=\"http:\/\/www.lakstingala.vilnius.lm.lt\/wp-content\/uploads\/2016\/11\/DSC_1785-300x169.jpg\" alt=\"DSC_1785\" width=\"300\" height=\"169\" srcset=\"https:\/\/www.lakstingala.vilnius.lm.lt\/wp-content\/uploads\/2016\/11\/DSC_1785-300x169.jpg 300w, https:\/\/www.lakstingala.vilnius.lm.lt\/wp-content\/uploads\/2016\/11\/DSC_1785-768x432.jpg 768w, https:\/\/www.lakstingala.vilnius.lm.lt\/wp-content\/uploads\/2016\/11\/DSC_1785-1024x576.jpg 1024w, https:\/\/www.lakstingala.vilnius.lm.lt\/wp-content\/uploads\/2016\/11\/DSC_1785-500x281.jpg 500w\" sizes=\"(max-width: 300px) 100vw, 300px\" \/><\/p>\n<p>&nbsp;<\/p>\n","protected":false},"excerpt":{"rendered":"<p>&nbsp;<\/p>\n","protected":false},"author":1,"featured_media":0,"parent":227,"menu_order":4,"comment_status":"closed","ping_status":"closed","template":"","meta":{"ngg_post_thumbnail":0,"footnotes":""},"_links":{"self":[{"href":"https:\/\/www.lakstingala.vilnius.lm.lt\/index.php?rest_route=\/wp\/v2\/pages\/417"}],"collection":[{"href":"https:\/\/www.lakstingala.vilnius.lm.lt\/index.php?rest_route=\/wp\/v2\/pages"}],"about":[{"href":"https:\/\/www.lakstingala.vilnius.lm.lt\/index.php?rest_route=\/wp\/v2\/types\/page"}],"author":[{"embeddable":true,"href":"https:\/\/www.lakstingala.vilnius.lm.lt\/index.php?rest_route=\/wp\/v2\/users\/1"}],"replies":[{"embeddable":true,"href":"https:\/\/www.lakstingala.vilnius.lm.lt\/index.php?rest_route=%2Fwp%2Fv2%2Fcomments&post=417"}],"version-history":[{"count":1,"href":"https:\/\/www.lakstingala.vilnius.lm.lt\/index.php?rest_route=\/wp\/v2\/pages\/417\/revisions"}],"predecessor-version":[{"id":423,"href":"https:\/\/www.lakstingala.vilnius.lm.lt\/index.php?rest_route=\/wp\/v2\/pages\/417\/revisions\/423"}],"up":[{"embeddable":true,"href":"https:\/\/www.lakstingala.vilnius.lm.lt\/index.php?rest_route=\/wp\/v2\/pages\/227"}],"wp:attachment":[{"href":"https:\/\/www.lakstingala.vilnius.lm.lt\/index.php?rest_route=%2Fwp%2Fv2%2Fmedia&parent=417"}],"curies":[{"name":"wp","href":"https:\/\/api.w.org\/{rel}","templated":true}]}}