{"id":4565,"date":"2023-09-26T13:21:21","date_gmt":"2023-09-26T10:21:21","guid":{"rendered":"http:\/\/www.lakstingala.vilnius.lm.lt\/?page_id=4565"},"modified":"2026-02-03T12:09:01","modified_gmt":"2026-02-03T10:09:01","slug":"ugdymo-programos","status":"publish","type":"page","link":"https:\/\/www.lakstingala.vilnius.lm.lt\/?page_id=4565","title":{"rendered":"Ugdymo programos"},"content":{"rendered":"<p><a href=\"http:\/\/www.lakstingala.vilnius.lm.lt\/wp-content\/uploads\/2025\/09\/PROGRAMA-NAUJAUSIA-PATVIRTINTA-VERSIJA.pdf\" target=\"_blank\" rel=\"noopener noreferrer\">Ikimokyklinio ugdymo(si) programa (nuo 2025 09 01)<\/a><\/p>\n<ul>\n<li style=\"text-align: left;\"><a href=\"http:\/\/www.lakstingala.vilnius.lm.lt\/wp-content\/uploads\/2026\/02\/IU-programos-santrauka.png\" target=\"_blank\" rel=\"noopener noreferrer\">Ikimokyklinio ugdymo(si) programos santrauka<\/a><\/li>\n<\/ul>\n<p><a href=\"http:\/\/www.lakstingala.vilnius.lm.lt\/wp-content\/uploads\/2023\/12\/Ikimokyklinio-amziaus-vaiku-pasiekimu-aprasas.pdf\" target=\"_blank\" rel=\"noopener noreferrer\">Ikimokyklinio am\u017eiaus vaik\u0173 pasiekim\u0173 apra\u0161as<\/a><\/p>\n<p><a href=\"http:\/\/www.lakstingala.vilnius.lm.lt\/wp-content\/uploads\/2023\/12\/knyga-rekomendacijos.pdf\" target=\"_blank\" rel=\"noopener noreferrer\">Ikimokyklinio ugdymo metodin\u0117s rekomendacijos<\/a><\/p>\n<p><a href=\"http:\/\/www.lakstingala.vilnius.lm.lt\/wp-content\/uploads\/2023\/12\/Prie\u0161mokyklinio-ugdymo-programa-nuo-2022-09-01.pdf\" target=\"_blank\" rel=\"noopener noreferrer\">Prie\u0161mokyklinio ugdymo bendroji programa&nbsp;(nuo 2022-09-01)<\/a><\/p>\n<p><a href=\"http:\/\/www.lakstingala.vilnius.lm.lt\/wp-content\/uploads\/2023\/12\/Prie\u0161mokyklinio-kompetencij\u0173-apra\u0161as.pdf\" target=\"_blank\" rel=\"noopener noreferrer\">Prie\u0161mokyklinio kompetencij\u0173 apra\u0161as<\/a><\/p>\n","protected":false},"excerpt":{"rendered":"<p>Ikimokyklinio ugdymo(si) programa (nuo 2025 09 01) Ikimokyklinio ugdymo(si) programos santrauka Ikimokyklinio am\u017eiaus vaik\u0173 pasiekim\u0173 apra\u0161as Ikimokyklinio ugdymo metodin\u0117s rekomendacijos Prie\u0161mokyklinio ugdymo bendroji programa&nbsp;(nuo 2022-09-01) Prie\u0161mokyklinio kompetencij\u0173 apra\u0161as<\/p>\n","protected":false},"author":1,"featured_media":0,"parent":8,"menu_order":0,"comment_status":"closed","ping_status":"closed","template":"","meta":{"ngg_post_thumbnail":0,"footnotes":""},"_links":{"self":[{"href":"https:\/\/www.lakstingala.vilnius.lm.lt\/index.php?rest_route=\/wp\/v2\/pages\/4565"}],"collection":[{"href":"https:\/\/www.lakstingala.vilnius.lm.lt\/index.php?rest_route=\/wp\/v2\/pages"}],"about":[{"href":"https:\/\/www.lakstingala.vilnius.lm.lt\/index.php?rest_route=\/wp\/v2\/types\/page"}],"author":[{"embeddable":true,"href":"https:\/\/www.lakstingala.vilnius.lm.lt\/index.php?rest_route=\/wp\/v2\/users\/1"}],"replies":[{"embeddable":true,"href":"https:\/\/www.lakstingala.vilnius.lm.lt\/index.php?rest_route=%2Fwp%2Fv2%2Fcomments&post=4565"}],"version-history":[{"count":6,"href":"https:\/\/www.lakstingala.vilnius.lm.lt\/index.php?rest_route=\/wp\/v2\/pages\/4565\/revisions"}],"predecessor-version":[{"id":5113,"href":"https:\/\/www.lakstingala.vilnius.lm.lt\/index.php?rest_route=\/wp\/v2\/pages\/4565\/revisions\/5113"}],"up":[{"embeddable":true,"href":"https:\/\/www.lakstingala.vilnius.lm.lt\/index.php?rest_route=\/wp\/v2\/pages\/8"}],"wp:attachment":[{"href":"https:\/\/www.lakstingala.vilnius.lm.lt\/index.php?rest_route=%2Fwp%2Fv2%2Fmedia&parent=4565"}],"curies":[{"name":"wp","href":"https:\/\/api.w.org\/{rel}","templated":true}]}}