{"id":4771,"date":"2024-09-11T08:57:56","date_gmt":"2024-09-11T05:57:56","guid":{"rendered":"http:\/\/www.lakstingala.vilnius.lm.lt\/?page_id=4771"},"modified":"2024-09-12T09:03:59","modified_gmt":"2024-09-12T06:03:59","slug":"svietimo-pagalbos-specialistai","status":"publish","type":"page","link":"https:\/\/www.lakstingala.vilnius.lm.lt\/?page_id=4771","title":{"rendered":"\u0160vietimo pagalbos specialistai"},"content":{"rendered":"<p><img loading=\"lazy\" decoding=\"async\" class=\"aligncenter size-full wp-image-4806\" src=\"http:\/\/www.lakstingala.vilnius.lm.lt\/wp-content\/uploads\/2024\/09\/nuotr.png\" alt=\"\" width=\"1006\" height=\"291\" srcset=\"https:\/\/www.lakstingala.vilnius.lm.lt\/wp-content\/uploads\/2024\/09\/nuotr.png 1006w, https:\/\/www.lakstingala.vilnius.lm.lt\/wp-content\/uploads\/2024\/09\/nuotr-300x87.png 300w, https:\/\/www.lakstingala.vilnius.lm.lt\/wp-content\/uploads\/2024\/09\/nuotr-768x222.png 768w, https:\/\/www.lakstingala.vilnius.lm.lt\/wp-content\/uploads\/2024\/09\/nuotr-1000x288.png 1000w, https:\/\/www.lakstingala.vilnius.lm.lt\/wp-content\/uploads\/2024\/09\/nuotr-500x145.png 500w\" sizes=\"(max-width: 1006px) 100vw, 1006px\" \/><\/p>\n<p><strong>Psichologas<\/strong><\/p>\n<ul>\n<li>Konsultuoja psichologini\u0173, asmenyb\u0117s ir ugdymosi problem\u0173 turin\u010dius ugdytinius, j\u0173 t\u0117vus (glob\u0117jus, r\u016bpintojus) \u0161i\u0173 problem\u0173 sprendimo klausimais bei teikia rekomendacijas<\/li>\n<li>R\u016bpinasi vaik\u0173 psichine sveikata ir reikaling\u0173 psichologini\u0173 ugdymo s\u0105lyg\u0173 sudarymu<\/li>\n<li>Rengia ir \u012fgyvendina psichologini\u0173 problem\u0173 prevencines programas<\/li>\n<li>Vykdo individual\u0173 ir\/ar grup\u0117s vaik\u0173 steb\u0117jim\u0105&nbsp;<\/li>\n<li>Bendradarbiauja su pedagogais, logopedu ir kitais \u012fstaigos specialistais, organizuojant ir vykdant ugdymo proces\u0105<\/li>\n<li>Dalyvauja vaiko gerov\u0117s komisijos veikloje<\/li>\n<\/ul>\n<p>\u012e dar\u017eelio psicholog\u0105 galite kreiptis:<\/p>\n<ul>\n<li>Kai vaikas turi elgesio sunkum\u0173 (vaikas konflikti\u0161kas, nepaklusnus, elgiasi agresyviai, meluoja ir pan.)<\/li>\n<li>Kai nerim\u0105 kelia vaiko emocin\u0117 b\u016bsena (padid\u0117j\u0119s nerimastingumas, vaikas atrodo prisl\u0117gtas, li\u016bdnas, yra labai jautrus, nedr\u0105sus, stokoja pasitik\u0117jimo savimi ir pan.)<\/li>\n<li>Kai vaikas turi bendravimo sunkum\u0173 (sunku susirasti draug\u0173, nenori ar nemoka \u017eaisti drauge su bendraam\u017eiais, nesutarimai su t\u0117vais)<\/li>\n<li>D\u0117l adaptacijos sunkum\u0173<\/li>\n<li>D\u0117l problem\u0173 \u0161eimoje (artimo \u0161eimos nario netektis, t\u0117v\u0173 skyrybos, patirta fizin\u0117 ar psichologin\u0117 prievarta)<\/li>\n<li>D\u0117l sunkum\u0173 susijusi\u0173 su pa\u017eintiniais geb\u0117jimais (susikaupimo sunkumai, d\u0117mesio i\u0161laikymo sunkumai, raidos sutrikimai ir kt.).<\/li>\n<\/ul>\n<p>Psicholog\u0117 Just\u0117&nbsp;Aleksi\u016bnait\u0117&nbsp;<\/p>\n<p>Darbo grafikas<br \/>\nANTRADIENIS 9:00-15:00;<br \/>\nTRE\u010cIADIENIS 8:54-15:00<br \/>\nKETVIRTADIENIS 9:24-15:00<\/p>\n<p>Nor\u0117dami pasitarti su psichologe ar u\u017esira\u0161yti konsultacijai kreipkit\u0117s el.pa\u0161tu&nbsp;<a href=\"mailto:lakstingala.psichologe@gmail.com\">lakstingala.psichologe@gmail.com<\/a><br \/>\nKonsultacij\u0173 informacija yra konfidenciali.<\/p>\n<p>&nbsp;<\/p>\n<p><strong>Logopedas<\/strong>&nbsp;<\/p>\n<ul>\n<li>Tiria vaiko kalb\u0105 (tart\u012f, \u017eodyn\u0105, gramatin\u0119 sandar\u0105, ri\u0161li\u0105j\u0105 kalb\u0105), nustato kalbos sutrikim\u0173 pob\u016bd\u012f ir juos \u0161alina<\/li>\n<li>Dirba su vaikais individualiai ir pogrupiais, taikydama specialiojo poreikio priemones kalb\u0117jimo ir kalbos sutrikimams \u0161alinti<\/li>\n<li>Konsultuoja kalb\u0117jimo ir kalbos sutrikim\u0173 turin\u010di\u0173 vaik\u0173 t\u0117velius, pedagogus<\/li>\n<li>Rengia rekomendacijas pedagogams ir t\u0117vams, veda seminarus, konferencijas<\/li>\n<\/ul>\n<p>Logoped\u0117 Inga<\/p>\n<p>Darbo grafikas:<\/p>\n<p>&nbsp;<\/p>\n<p><strong>Spec. pedagogas<\/strong><\/p>\n<ul style=\"font-weight: 400;\">\n<li>Padeda speciali\u0173j\u0173 ugdymosi poreiki\u0173 vaikams \u012fsisavinti ugdymo turin\u012f ir lavina j\u0173 sutrikusias funkcijas, atsi\u017evelgdamas \u012f kiekvieno speciali\u0173j\u0173 ugdymosi poreiki\u0173 mokinio geb\u0117jimus, ugdymosi galimybes, mokymo ypatumus<\/li>\n<li>Pataria mokytojams, kaip pritaikyti speciali\u0173j\u0173 ugdymosi poreiki\u0173 mokiniams mokom\u0105j\u0105 med\u017eiag\u0105 ir mokymo priemones, ugdymo programas, pagal poreik\u012f rengti individualizuot\u0105 ugdymo program\u0105<\/li>\n<li>Teikia metodin\u0119 pagalb\u0105 mokytojams, speciali\u0173j\u0173 ugdymosi poreiki\u0173 mokini\u0173 t\u0117vams (glob\u0117jams) ir kitiems asmenims, tiesiogiai dalyvaujantiems ugdymo procese, ir juos konsultuoja \u0161i\u0173 mokini\u0173 ugdymo klausimais<\/li>\n<li>Dalyvauja darz\u030celio Vaiko gerov\u0117s komisijos veikloje<\/li>\n<\/ul>\n<p>Spec. pedagog\u0117 J\u016brat\u0117&nbsp;<\/p>\n<p>Darbo grafikas:<\/p>\n<p>&nbsp;<\/p>\n<p><strong>Soc. pedagogas&nbsp;<\/strong><\/p>\n<ul style=\"font-weight: 400;\">\n<li>Vertina socialin\u0117s pedagogin\u0117s pagalbos vaikui poreikius (kartu su kitais specialistais), esant b\u016btinybei lankosi u\u017esi\u0117mimuose ir kitose veiklose<\/li>\n<li>Konsultuoja t\u0117vus (glob\u0117jus), \u012fstaigos bendruomen\u0119 socialini\u0173 pedagogini\u0173 problem\u0173 sprendimo, socialin\u0117s pedagogin\u0117s pagalbos teikimo klausimais<\/li>\n<li>Dalyvauja sprend\u017eiant krizinius atvejus \u012fstaigoje, ugdymo ir socialini\u0173 \u012fg\u016bd\u017ei\u0173 problemas<\/li>\n<li>Aktyviai vykdo smurto ir paty\u010di\u0173 prevencijos ir intervencijos program\u0105<\/li>\n<li>Teikia socialin\u0119 pedagogin\u0119 pagalb\u0105 elgesio sutrikim\u0173 turintiems vaikams<\/li>\n<li>\u0160vie\u010dia bendruomen\u0119 socialin\u0117s pedagogin\u0117s pagalbos teikimo, neigiam\u0173 socialini\u0173 rei\u0161kini\u0173 prevencijos, pozityviosios socializacijos klausimais<\/li>\n<\/ul>\n<p>Soc. pedagog\u0117 \u017divil\u0117 (vaiko prie\u017ei\u016bros atostogose)<\/p>\n","protected":false},"excerpt":{"rendered":"<p>Psichologas Konsultuoja psichologini\u0173, asmenyb\u0117s ir ugdymosi problem\u0173 turin\u010dius ugdytinius, j\u0173 t\u0117vus (glob\u0117jus, r\u016bpintojus) \u0161i\u0173 problem\u0173 sprendimo klausimais bei teikia rekomendacijas R\u016bpinasi vaik\u0173 psichine sveikata ir reikaling\u0173 psichologini\u0173 ugdymo s\u0105lyg\u0173 sudarymu Rengia ir \u012fgyvendina psichologini\u0173 problem\u0173 prevencines programas Vykdo individual\u0173 ir\/ar &hellip; <a href=\"https:\/\/www.lakstingala.vilnius.lm.lt\/?page_id=4771\">Skaitykite toliau <span class=\"meta-nav\">&rarr;<\/span><\/a><\/p>\n","protected":false},"author":1,"featured_media":0,"parent":4769,"menu_order":0,"comment_status":"closed","ping_status":"closed","template":"","meta":{"ngg_post_thumbnail":0,"footnotes":""},"_links":{"self":[{"href":"https:\/\/www.lakstingala.vilnius.lm.lt\/index.php?rest_route=\/wp\/v2\/pages\/4771"}],"collection":[{"href":"https:\/\/www.lakstingala.vilnius.lm.lt\/index.php?rest_route=\/wp\/v2\/pages"}],"about":[{"href":"https:\/\/www.lakstingala.vilnius.lm.lt\/index.php?rest_route=\/wp\/v2\/types\/page"}],"author":[{"embeddable":true,"href":"https:\/\/www.lakstingala.vilnius.lm.lt\/index.php?rest_route=\/wp\/v2\/users\/1"}],"replies":[{"embeddable":true,"href":"https:\/\/www.lakstingala.vilnius.lm.lt\/index.php?rest_route=%2Fwp%2Fv2%2Fcomments&post=4771"}],"version-history":[{"count":4,"href":"https:\/\/www.lakstingala.vilnius.lm.lt\/index.php?rest_route=\/wp\/v2\/pages\/4771\/revisions"}],"predecessor-version":[{"id":4807,"href":"https:\/\/www.lakstingala.vilnius.lm.lt\/index.php?rest_route=\/wp\/v2\/pages\/4771\/revisions\/4807"}],"up":[{"embeddable":true,"href":"https:\/\/www.lakstingala.vilnius.lm.lt\/index.php?rest_route=\/wp\/v2\/pages\/4769"}],"wp:attachment":[{"href":"https:\/\/www.lakstingala.vilnius.lm.lt\/index.php?rest_route=%2Fwp%2Fv2%2Fmedia&parent=4771"}],"curies":[{"name":"wp","href":"https:\/\/api.w.org\/{rel}","templated":true}]}}