{"id":4775,"date":"2024-09-11T09:00:02","date_gmt":"2024-09-11T06:00:02","guid":{"rendered":"http:\/\/www.lakstingala.vilnius.lm.lt\/?page_id=4775"},"modified":"2024-09-11T09:46:30","modified_gmt":"2024-09-11T06:46:30","slug":"bendruomenes-pasirengimas","status":"publish","type":"page","link":"https:\/\/www.lakstingala.vilnius.lm.lt\/?page_id=4775","title":{"rendered":"Bendruomen\u0117s pasirengimas"},"content":{"rendered":"<p>\u012etraukusis ugdymas \u2013 kokybi\u0161kas ugdymas kiekvienam vaikui, siejamas su personalizuotu kiekvieno vaiko ugdymu, atitinkan\u010diu kiekvieno vaiko ugdymosi galias, poreikius, u\u017etikrinantis s\u0117kmes, asmenin\u0119 pa\u017eang\u0105. Tai procesas, kuriame atsi\u017evelgiama \u012f vaik\u0173 socialin\u0119, kult\u016brin\u0119, mokymosi \u012fvairov\u0119 ir remiamasi veiksmais, padedan\u010diais nustatyti bei \u0161alinti kli\u016btis ugdymuisi ir dalyvavimui \u0161vietime.&nbsp;<\/p>\n<p>2024 m. rugs\u0117j\u012f \u012fsigalioja Lietuvos Respublikos \u0160vietimo \u012fstatymo straipsni\u0173 pakeitimai ir \u012fstatymo papildymai, kurie numato, kad kiekvienam vaikui turi b\u016bti sudarytos s\u0105lygos ugdytis artimiausioje ugdymo \u012fstaigoje (ikimokyklinio ugdymo \u012fstaigoje, mokykloje) kartu su savo bendraam\u017eiais.<\/p>\n<p>\u012etraukties \u0161vietime pl\u0117tros 2021\u20132024 met\u0173 kryptys:<br \/>\nStiprinti teigiamas visuomen\u0117s ir \u0161vietimo bendruomen\u0117s nuostatas \u012f \u012ftraukt\u012f \u0161vietime.<br \/>\nDidinti \u0161vietimo pagalbos prieinamum\u0105.<br \/>\nGerinti pedagog\u0173 ir \u0161vietimo pagalbos specialist\u0173 pasirengim\u0105 \u012ftrauk\u010diai \u0161vietime.<br \/>\nPritaikyti mokykl\u0173 (ikimokyklini\u0173 ugdymo \u012fstaig\u0173) aplinkas ir ugdymo procesus \u012fvairi\u0173 ugdymosi poreiki\u0173 turintiems vaikams.<br \/>\nKurti \u012ftraukties \u0161vietime \u012fsivertinimo ir steb\u0117senos sistem\u0105.<\/p>\n<p><strong>Naudinga informacija:<\/strong><\/p>\n<ul>\n<li><a href=\"https:\/\/e-seimas.lrs.lt\/portal\/legalAct\/lt\/TAD\/741a2d624dfd11ec86bdcb0a6d573b32\" data-saferedirecturl=\"https:\/\/www.google.com\/url?q=https:\/\/e-seimas.lrs.lt\/portal\/legalAct\/lt\/TAD\/741a2d624dfd11ec86bdcb0a6d573b32&amp;source=gmail&amp;ust=1726118907583000&amp;usg=AOvVaw3AfKvY77P3x6vACA2mCmau\">https:\/\/e-seimas.lrs.lt\/portal\/legalAct\/lt\/TAD\/741a2d624dfd11ec86bdcb0a6d573b32<\/a><\/li>\n<li><a href=\"https:\/\/www.vilniausppt.lt\/itraukusis-ugdymas-2\/\" data-saferedirecturl=\"https:\/\/www.google.com\/url?q=https:\/\/www.vilniausppt.lt\/itraukusis-ugdymas-2\/&amp;source=gmail&amp;ust=1726118907583000&amp;usg=AOvVaw3An_2BF7RbPvFlxf94Vzkb\">https:\/\/www.vilniausppt.lt\/itraukusis-ugdymas-2\/<\/a><\/li>\n<li><a href=\"https:\/\/smsm.lrv.lt\/uploads\/smsm\/documents\/files\/ATMINTIN%C4%96-T%C4%96VAMS%20(1).docx\" data-saferedirecturl=\"https:\/\/www.google.com\/url?q=https:\/\/smsm.lrv.lt\/uploads\/smsm\/documents\/files\/ATMINTIN%25C4%2596-T%25C4%2596VAMS%2520(1).docx&amp;source=gmail&amp;ust=1726118907583000&amp;usg=AOvVaw1-tXKvQ2o6dj5_oy-1oIKe\">https:\/\/smsm.lrv.lt\/uploads\/smsm\/documents\/files\/ATMINTIN%C4%96-T%C4%96VAMS%20(1).docx<\/a><\/li>\n<li><a href=\"https:\/\/smsm.lrv.lt\/uploads\/smsm\/documents\/files\/REKOMENDACIJOS-TEVAMS1-3_autizmas.pdf\" data-saferedirecturl=\"https:\/\/www.google.com\/url?q=https:\/\/smsm.lrv.lt\/uploads\/smsm\/documents\/files\/REKOMENDACIJOS-TEVAMS1-3_autizmas.pdf&amp;source=gmail&amp;ust=1726118907583000&amp;usg=AOvVaw2x1CDdwRub7t1tjisKaBNI\">https:\/\/smsm.lrv.lt\/uploads\/smsm\/documents\/files\/REKOMENDACIJOS-TEVAMS1-3_autizmas.pdf<\/a><\/li>\n<li><a href=\"https:\/\/unesdoc.unesco.org\/ark:\/48223\/pf0000098427\" data-saferedirecturl=\"https:\/\/www.google.com\/url?q=https:\/\/unesdoc.unesco.org\/ark:\/48223\/pf0000098427&amp;source=gmail&amp;ust=1726118907583000&amp;usg=AOvVaw1rSWYLujHGtYCcRblow7-V\">https:\/\/unesdoc.unesco.org\/ark:\/48223\/pf0000098427<\/a><\/li>\n<li><a href=\"https:\/\/tukstantmeciomokyklos.lt\/wp-content\/uploads\/2023\/04\/Universalaus-dizaino-mokymuisi-gaires.pdf\" data-saferedirecturl=\"https:\/\/www.google.com\/url?q=https:\/\/tukstantmeciomokyklos.lt\/wp-content\/uploads\/2023\/04\/Universalaus-dizaino-mokymuisi-gaires.pdf&amp;source=gmail&amp;ust=1726118907583000&amp;usg=AOvVaw1K6VKx5igo2Zzd1IPAyAkz\">https:\/\/tukstantmeciomokyklos.lt\/wp-content\/uploads\/2023\/04\/Universalaus-dizaino-mokymuisi-gaires.pdf<\/a><\/li>\n<li><a href=\"https:\/\/ebooks.vitaelitera.lt\/eb\/3162\/universalaus-dizaino-mokymuisi-taikymas-praktikoje\/\" data-saferedirecturl=\"https:\/\/www.google.com\/url?q=https:\/\/ebooks.vitaelitera.lt\/eb\/3162\/universalaus-dizaino-mokymuisi-taikymas-praktikoje\/&amp;source=gmail&amp;ust=1726118907583000&amp;usg=AOvVaw0BN0A-EmmqX_qWTykdV-bZ\">https:\/\/ebooks.vitaelitera.lt\/eb\/3162\/universalaus-dizaino-mokymuisi-taikymas-praktikoje\/<\/a><\/li>\n<li><a href=\"https:\/\/smsm.lrv.lt\/uploads\/smsm\/documents\/files\/aalaikini\/Itraukties%20svietime%20pletros%20gaires%20final(1).pdf\" data-saferedirecturl=\"https:\/\/www.google.com\/url?q=https:\/\/smsm.lrv.lt\/uploads\/smsm\/documents\/files\/aalaikini\/Itraukties%2520svietime%2520pletros%2520gaires%2520final(1).pdf&amp;source=gmail&amp;ust=1726118907583000&amp;usg=AOvVaw2tZO9PxBdFMeDVq4IsS32r\">https:\/\/smsm.lrv.lt\/uploads\/smsm\/documents\/files\/aalaikini\/Itraukties%20svietime%20pletros%20gaires%20final(1).pdf<\/a><\/li>\n<li><a href=\"https:\/\/www.nsa.smm.lt\/itrauktis-ugdyme\/\" data-saferedirecturl=\"https:\/\/www.google.com\/url?q=https:\/\/www.nsa.smm.lt\/itrauktis-ugdyme\/&amp;source=gmail&amp;ust=1726118907583000&amp;usg=AOvVaw0jUx6UiiKeB_KXalZsUbr4\">https:\/\/www.nsa.smm.lt\/itrauktis-ugdyme\/<\/a><\/li>\n<li><a href=\"https:\/\/srvks.lt\/\" data-saferedirecturl=\"https:\/\/www.google.com\/url?q=https:\/\/srvks.lt\/&amp;source=gmail&amp;ust=1726118907583000&amp;usg=AOvVaw30CHdSB0GHEkMzQv9hxodB\">https:\/\/srvks.lt\/<\/a><\/li>\n<li><a href=\"https:\/\/lisc.lt\/\" data-saferedirecturl=\"https:\/\/www.google.com\/url?q=https:\/\/lisc.lt\/&amp;source=gmail&amp;ust=1726118907583000&amp;usg=AOvVaw3lzbxwAb4lVvfMP-hoXIeG\">https:\/\/lisc.lt\/<\/a><\/li>\n<\/ul>\n<p><a href=\"http:\/\/www.lakstingala.vilnius.lm.lt\/?attachment_id=4781\"><img loading=\"lazy\" decoding=\"async\" class=\"aligncenter wp-image-4781 size-large\" src=\"http:\/\/www.lakstingala.vilnius.lm.lt\/wp-content\/uploads\/2024\/09\/Kaip-ugdyti-vaiko-psichikos-sveikata-724x1024.png\" alt=\"\" width=\"584\" height=\"826\" srcset=\"https:\/\/www.lakstingala.vilnius.lm.lt\/wp-content\/uploads\/2024\/09\/Kaip-ugdyti-vaiko-psichikos-sveikata-724x1024.png 724w, https:\/\/www.lakstingala.vilnius.lm.lt\/wp-content\/uploads\/2024\/09\/Kaip-ugdyti-vaiko-psichikos-sveikata-212x300.png 212w, https:\/\/www.lakstingala.vilnius.lm.lt\/wp-content\/uploads\/2024\/09\/Kaip-ugdyti-vaiko-psichikos-sveikata-768x1086.png 768w, https:\/\/www.lakstingala.vilnius.lm.lt\/wp-content\/uploads\/2024\/09\/Kaip-ugdyti-vaiko-psichikos-sveikata-1086x1536.png 1086w, https:\/\/www.lakstingala.vilnius.lm.lt\/wp-content\/uploads\/2024\/09\/Kaip-ugdyti-vaiko-psichikos-sveikata-1448x2048.png 1448w, https:\/\/www.lakstingala.vilnius.lm.lt\/wp-content\/uploads\/2024\/09\/Kaip-ugdyti-vaiko-psichikos-sveikata.png 1587w\" sizes=\"(max-width: 584px) 100vw, 584px\" \/><\/a><\/p>\n<hr>\n<p><a href=\"http:\/\/www.lakstingala.vilnius.lm.lt\/?attachment_id=4781\"><img loading=\"lazy\" decoding=\"async\" class=\"aligncenter size-large wp-image-4779\" src=\"http:\/\/www.lakstingala.vilnius.lm.lt\/wp-content\/uploads\/2024\/09\/Kaip-padeti-vaikui-lavinti-empatija-724x1024.jpg\" alt=\"\" width=\"584\" height=\"826\" srcset=\"https:\/\/www.lakstingala.vilnius.lm.lt\/wp-content\/uploads\/2024\/09\/Kaip-padeti-vaikui-lavinti-empatija-724x1024.jpg 724w, https:\/\/www.lakstingala.vilnius.lm.lt\/wp-content\/uploads\/2024\/09\/Kaip-padeti-vaikui-lavinti-empatija-212x300.jpg 212w, https:\/\/www.lakstingala.vilnius.lm.lt\/wp-content\/uploads\/2024\/09\/Kaip-padeti-vaikui-lavinti-empatija-768x1086.jpg 768w, https:\/\/www.lakstingala.vilnius.lm.lt\/wp-content\/uploads\/2024\/09\/Kaip-padeti-vaikui-lavinti-empatija.jpg 827w\" sizes=\"(max-width: 584px) 100vw, 584px\" \/><\/a><\/p>\n<hr>\n<p><img loading=\"lazy\" decoding=\"async\" class=\"aligncenter size-large wp-image-4778\" src=\"http:\/\/www.lakstingala.vilnius.lm.lt\/wp-content\/uploads\/2024\/09\/Vaiko-emocijos-pradejus-lankyti-darzeli1-724x1024.jpg\" alt=\"\" width=\"584\" height=\"826\" srcset=\"https:\/\/www.lakstingala.vilnius.lm.lt\/wp-content\/uploads\/2024\/09\/Vaiko-emocijos-pradejus-lankyti-darzeli1-724x1024.jpg 724w, https:\/\/www.lakstingala.vilnius.lm.lt\/wp-content\/uploads\/2024\/09\/Vaiko-emocijos-pradejus-lankyti-darzeli1-212x300.jpg 212w, https:\/\/www.lakstingala.vilnius.lm.lt\/wp-content\/uploads\/2024\/09\/Vaiko-emocijos-pradejus-lankyti-darzeli1-768x1086.jpg 768w, https:\/\/www.lakstingala.vilnius.lm.lt\/wp-content\/uploads\/2024\/09\/Vaiko-emocijos-pradejus-lankyti-darzeli1-1086x1536.jpg 1086w, https:\/\/www.lakstingala.vilnius.lm.lt\/wp-content\/uploads\/2024\/09\/Vaiko-emocijos-pradejus-lankyti-darzeli1-1448x2048.jpg 1448w, https:\/\/www.lakstingala.vilnius.lm.lt\/wp-content\/uploads\/2024\/09\/Vaiko-emocijos-pradejus-lankyti-darzeli1.jpg 1653w\" sizes=\"(max-width: 584px) 100vw, 584px\" \/><\/p>\n<hr>\n<p><img loading=\"lazy\" decoding=\"async\" class=\"aligncenter size-large wp-image-4777\" src=\"http:\/\/www.lakstingala.vilnius.lm.lt\/wp-content\/uploads\/2024\/09\/Vaiku-nusiraminimo-budai-724x1024.jpg\" alt=\"\" width=\"584\" height=\"826\" srcset=\"https:\/\/www.lakstingala.vilnius.lm.lt\/wp-content\/uploads\/2024\/09\/Vaiku-nusiraminimo-budai-724x1024.jpg 724w, https:\/\/www.lakstingala.vilnius.lm.lt\/wp-content\/uploads\/2024\/09\/Vaiku-nusiraminimo-budai-212x300.jpg 212w, https:\/\/www.lakstingala.vilnius.lm.lt\/wp-content\/uploads\/2024\/09\/Vaiku-nusiraminimo-budai-768x1086.jpg 768w, https:\/\/www.lakstingala.vilnius.lm.lt\/wp-content\/uploads\/2024\/09\/Vaiku-nusiraminimo-budai-1086x1536.jpg 1086w, https:\/\/www.lakstingala.vilnius.lm.lt\/wp-content\/uploads\/2024\/09\/Vaiku-nusiraminimo-budai-1448x2048.jpg 1448w, https:\/\/www.lakstingala.vilnius.lm.lt\/wp-content\/uploads\/2024\/09\/Vaiku-nusiraminimo-budai.jpg 1653w\" sizes=\"(max-width: 584px) 100vw, 584px\" \/><\/p>\n<hr>\n<p><img loading=\"lazy\" decoding=\"async\" class=\"aligncenter size-large wp-image-4780\" src=\"http:\/\/www.lakstingala.vilnius.lm.lt\/wp-content\/uploads\/2024\/09\/Emociju-dienorastis-1024x742.jpg\" alt=\"\" width=\"584\" height=\"423\" srcset=\"https:\/\/www.lakstingala.vilnius.lm.lt\/wp-content\/uploads\/2024\/09\/Emociju-dienorastis-1024x742.jpg 1024w, https:\/\/www.lakstingala.vilnius.lm.lt\/wp-content\/uploads\/2024\/09\/Emociju-dienorastis-300x217.jpg 300w, https:\/\/www.lakstingala.vilnius.lm.lt\/wp-content\/uploads\/2024\/09\/Emociju-dienorastis-768x557.jpg 768w, https:\/\/www.lakstingala.vilnius.lm.lt\/wp-content\/uploads\/2024\/09\/Emociju-dienorastis-414x300.jpg 414w, https:\/\/www.lakstingala.vilnius.lm.lt\/wp-content\/uploads\/2024\/09\/Emociju-dienorastis.jpg 1141w\" sizes=\"(max-width: 584px) 100vw, 584px\" \/><\/p>\n","protected":false},"excerpt":{"rendered":"<p>\u012etraukusis ugdymas \u2013 kokybi\u0161kas ugdymas kiekvienam vaikui, siejamas su personalizuotu kiekvieno vaiko ugdymu, atitinkan\u010diu kiekvieno vaiko ugdymosi galias, poreikius, u\u017etikrinantis s\u0117kmes, asmenin\u0119 pa\u017eang\u0105. Tai procesas, kuriame atsi\u017evelgiama \u012f vaik\u0173 socialin\u0119, kult\u016brin\u0119, mokymosi \u012fvairov\u0119 ir remiamasi veiksmais, padedan\u010diais nustatyti bei \u0161alinti &hellip; <a href=\"https:\/\/www.lakstingala.vilnius.lm.lt\/?page_id=4775\">Skaitykite toliau <span class=\"meta-nav\">&rarr;<\/span><\/a><\/p>\n","protected":false},"author":1,"featured_media":0,"parent":4769,"menu_order":2,"comment_status":"closed","ping_status":"closed","template":"","meta":{"ngg_post_thumbnail":0,"footnotes":""},"_links":{"self":[{"href":"https:\/\/www.lakstingala.vilnius.lm.lt\/index.php?rest_route=\/wp\/v2\/pages\/4775"}],"collection":[{"href":"https:\/\/www.lakstingala.vilnius.lm.lt\/index.php?rest_route=\/wp\/v2\/pages"}],"about":[{"href":"https:\/\/www.lakstingala.vilnius.lm.lt\/index.php?rest_route=\/wp\/v2\/types\/page"}],"author":[{"embeddable":true,"href":"https:\/\/www.lakstingala.vilnius.lm.lt\/index.php?rest_route=\/wp\/v2\/users\/1"}],"replies":[{"embeddable":true,"href":"https:\/\/www.lakstingala.vilnius.lm.lt\/index.php?rest_route=%2Fwp%2Fv2%2Fcomments&post=4775"}],"version-history":[{"count":5,"href":"https:\/\/www.lakstingala.vilnius.lm.lt\/index.php?rest_route=\/wp\/v2\/pages\/4775\/revisions"}],"predecessor-version":[{"id":4787,"href":"https:\/\/www.lakstingala.vilnius.lm.lt\/index.php?rest_route=\/wp\/v2\/pages\/4775\/revisions\/4787"}],"up":[{"embeddable":true,"href":"https:\/\/www.lakstingala.vilnius.lm.lt\/index.php?rest_route=\/wp\/v2\/pages\/4769"}],"wp:attachment":[{"href":"https:\/\/www.lakstingala.vilnius.lm.lt\/index.php?rest_route=%2Fwp%2Fv2%2Fmedia&parent=4775"}],"curies":[{"name":"wp","href":"https:\/\/api.w.org\/{rel}","templated":true}]}}