{"id":5005,"date":"2025-06-03T12:23:10","date_gmt":"2025-06-03T09:23:10","guid":{"rendered":"https:\/\/www.lakstingala.vilnius.lm.lt\/?page_id=5005"},"modified":"2025-06-03T12:23:10","modified_gmt":"2025-06-03T09:23:10","slug":"savivaldybes-vidinis-informacijos-apie-pazeidimus-teikimo-kanalas","status":"publish","type":"page","link":"https:\/\/www.lakstingala.vilnius.lm.lt\/?page_id=5005","title":{"rendered":"Savivaldyb\u0117s vidinis informacijos apie pa\u017eeidimus teikimo kanalas"},"content":{"rendered":"<p style=\"font-weight: 400;\"><strong><a href=\"https:\/\/vilnius.lt\/savivaldybe\/savivaldybes-vidinis-kanalas\/savivaldybes-vidinis-informacijos-apie-pazeidimus-teikimo-kanalas-vidinis-kanalas\" target=\"_blank\" rel=\"noopener\" data-saferedirecturl=\"https:\/\/www.google.com\/url?q=https:\/\/vilnius.lt\/savivaldybe\/savivaldybes-vidinis-kanalas\/savivaldybes-vidinis-informacijos-apie-pazeidimus-teikimo-kanalas-vidinis-kanalas&amp;source=gmail&amp;ust=1749027963159000&amp;usg=AOvVaw1i0CzQI2sK8KDATFVnNQmf\">Savivaldyb\u0117s vidinis informacijos apie pa\u017eeidimus teikimo kanalas (vidinis kanalas) &#8211; Vilniaus miesto savivaldyb\u0117<\/a><\/strong><\/p>\n<p style=\"font-weight: 400;\"><strong>Prane\u0161imus apie pa\u017eeidimus Savivaldyb\u0117s vidiniu kanalu gali pateikti asmenys, su\u017einoj\u0119 apie pa\u017eeidim\u0105 \u012fstaigoje i\u0161 savo turim\u0173 ar tur\u0117t\u0173 darbo ar sutartini\u0173 (konsultavimo, rangos, subrangos, sta\u017euot\u0117s, praktikos, savanori\u0161kos veiklos ir pan.) Santyki\u0173 su \u0161ia \u012fstaiga arba \u012fdarbinimo ar kit\u0173 ikisutartini\u0173 santyki\u0173 metu, taip pat informacij\u0105 apie pa\u017eeidim\u0105 pateikiantis savaranki\u0161kai dirban\u010dio asmens status\u0105 turintis asmuo, akcininkas ar asmuo, priklausantis \u012fmon\u0117s administraciniam, valdymo ar prie\u017ei\u016bros organui (\u012fskaitant vykdom\u0173j\u0173 gali\u0173 neturin\u010dius narius, taip pat savanorius ir apmokamus ar neapmokamus sta\u017euotojus), arba bet kuris fizinis asmuo, dirbantis pri\u017ei\u016brint ir vadovaujant rangovams, subrangovams ir (ar) tiek\u0117jams.<\/strong><\/p>\n<p style=\"font-weight: 400;\"><strong>D\u0116MESIO! INFORMACIJA APIE PA\u017dEIDIMUS TEIKIAMA SIEKIANT APSAUGOTI VIE\u0160\u0104J\u012e INTERES\u0104. INFORMACIJOS PATEIKIMAS SIEKIANT APGINTI I\u0160SKIRTINAI ASMENINIUS INTERESUS NELAIKOMAS PRANE\u0160IMU, NAGRIN\u0116JAMU PAGAL \u012eSTATYM\u0104.<\/strong><\/p>\n<p style=\"font-weight: 400;\"><strong>U\u017e \u012fstaigos vidinio kanalo administravim\u0105 atsakingas padalinys \u2013 Vilniaus miesto savivaldyb\u0117s administracijos Atitikties ir atsparumo skyrius. &nbsp;<\/strong><\/p>\n","protected":false},"excerpt":{"rendered":"<p>Savivaldyb\u0117s vidinis informacijos apie pa\u017eeidimus teikimo kanalas (vidinis kanalas) &#8211; Vilniaus miesto savivaldyb\u0117 Prane\u0161imus apie pa\u017eeidimus Savivaldyb\u0117s vidiniu kanalu gali pateikti asmenys, su\u017einoj\u0119 apie pa\u017eeidim\u0105 \u012fstaigoje i\u0161 savo turim\u0173 ar tur\u0117t\u0173 darbo ar sutartini\u0173 (konsultavimo, rangos, subrangos, sta\u017euot\u0117s, praktikos, savanori\u0161kos &hellip; <a href=\"https:\/\/www.lakstingala.vilnius.lm.lt\/?page_id=5005\">Skaitykite toliau <span class=\"meta-nav\">&rarr;<\/span><\/a><\/p>\n","protected":false},"author":1,"featured_media":0,"parent":74,"menu_order":0,"comment_status":"closed","ping_status":"closed","template":"","meta":{"ngg_post_thumbnail":0,"footnotes":""},"_links":{"self":[{"href":"https:\/\/www.lakstingala.vilnius.lm.lt\/index.php?rest_route=\/wp\/v2\/pages\/5005"}],"collection":[{"href":"https:\/\/www.lakstingala.vilnius.lm.lt\/index.php?rest_route=\/wp\/v2\/pages"}],"about":[{"href":"https:\/\/www.lakstingala.vilnius.lm.lt\/index.php?rest_route=\/wp\/v2\/types\/page"}],"author":[{"embeddable":true,"href":"https:\/\/www.lakstingala.vilnius.lm.lt\/index.php?rest_route=\/wp\/v2\/users\/1"}],"replies":[{"embeddable":true,"href":"https:\/\/www.lakstingala.vilnius.lm.lt\/index.php?rest_route=%2Fwp%2Fv2%2Fcomments&post=5005"}],"version-history":[{"count":1,"href":"https:\/\/www.lakstingala.vilnius.lm.lt\/index.php?rest_route=\/wp\/v2\/pages\/5005\/revisions"}],"predecessor-version":[{"id":5006,"href":"https:\/\/www.lakstingala.vilnius.lm.lt\/index.php?rest_route=\/wp\/v2\/pages\/5005\/revisions\/5006"}],"up":[{"embeddable":true,"href":"https:\/\/www.lakstingala.vilnius.lm.lt\/index.php?rest_route=\/wp\/v2\/pages\/74"}],"wp:attachment":[{"href":"https:\/\/www.lakstingala.vilnius.lm.lt\/index.php?rest_route=%2Fwp%2Fv2%2Fmedia&parent=5005"}],"curies":[{"name":"wp","href":"https:\/\/api.w.org\/{rel}","templated":true}]}}