{"id":74,"date":"2015-12-11T16:50:02","date_gmt":"2015-12-11T14:50:02","guid":{"rendered":"http:\/\/www.lakstingala.vilnius.lm.lt\/?page_id=74"},"modified":"2025-12-13T10:59:31","modified_gmt":"2025-12-13T08:59:31","slug":"aktuali-informacija","status":"publish","type":"page","link":"https:\/\/www.lakstingala.vilnius.lm.lt\/?page_id=74","title":{"rendered":"Aktuali informacija"},"content":{"rendered":"<ul>\n<li><a class=\"row-title\" href=\"https:\/\/www.lakstingala.vilnius.lm.lt\/?page_id=2858\" aria-label=\"\u201cAsmens duomen\u0173 apsauga\u201d (Redaguoti)\">Asmens duomen\u0173 apsauga<\/a><\/li>\n<li><a class=\"row-title\" href=\"https:\/\/www.lakstingala.vilnius.lm.lt\/?page_id=4981\" aria-label=\"\u201cBendra informacija\u201d (Redaguoti)\">Bendra informacija<\/a><\/li>\n<li><a class=\"row-title\" href=\"https:\/\/www.lakstingala.vilnius.lm.lt\/?page_id=4545\" aria-label=\"\u201cDienotvark\u0117\u201d (Redaguoti)\">Dienotvark\u0117<\/a><\/li>\n<li><a class=\"row-title\" href=\"https:\/\/www.lakstingala.vilnius.lm.lt\/?page_id=2033\" aria-label=\"\u201cL\u0117\u0161os dar\u017eelio remontui\u201d (Redaguoti)\">L\u0117\u0161os dar\u017eelio remontui<\/a><\/li>\n<li><a class=\"row-title\" href=\"https:\/\/www.lakstingala.vilnius.lm.lt\/?page_id=1254\" aria-label=\"\u201cMaitinimas\u201d (Redaguoti)\">Maitinimas<\/a><\/li>\n<li><a class=\"row-title\" href=\"https:\/\/www.lakstingala.vilnius.lm.lt\/?page_id=3112\" aria-label=\"\u201cMokes\u010dio tvarka u\u017e vaiko i\u0161laikym\u0105 dar\u017eelyje\u201d (Redaguoti)\">Mokes\u010dio tvarka u\u017e vaiko i\u0161laikym\u0105 dar\u017eelyje<\/a><\/li>\n<li><a class=\"row-title\" href=\"https:\/\/www.lakstingala.vilnius.lm.lt\/?page_id=4970\" aria-label=\"\u201cSmurtas artimoje aplinkoje\u201d (Redaguoti)\">Smurtas artimoje aplinkoje<\/a><\/li>\n<li><a class=\"row-title\" href=\"https:\/\/www.lakstingala.vilnius.lm.lt\/?page_id=3257\" aria-label=\"\u201cKorupcijos prevencija\u201d (Redaguoti)\">Korupcijos prevencija<\/a><\/li>\n<li><a href=\"http:\/\/www.lakstingala.vilnius.lm.lt\/wp-content\/uploads\/2025\/12\/DOVANU-POLITIKA.pdf\" target=\"_blank\" rel=\"noopener\">Dovan\u0173 politika<\/a><\/li>\n<li><a href=\"http:\/\/www.lakstingala.vilnius.lm.lt\/wp-content\/uploads\/2025\/12\/IKT-PANAUDOJIMO-TVARKA.pdf\" target=\"_blank\" rel=\"noopener\">Vilniaus lop\u0161elio-dar\u017eelio \u201eLak\u0161tingala\u201c informacini\u0173 ir komunikacini\u0173 technologij\u0173 naudojimo bei darbuotoj\u0173 steb\u0117senos ir kontrol\u0117s darbo vietoje tvarkos apra\u0161as<\/a><\/li>\n<li><a class=\"row-title\" href=\"https:\/\/www.lakstingala.vilnius.lm.lt\/?page_id=156\" aria-label=\"\u201cPra\u0161ymai\u201d (Redaguoti)\">Pra\u0161ymai<\/a><\/li>\n<li><a class=\"row-title\" href=\"https:\/\/www.lakstingala.vilnius.lm.lt\/?page_id=818\" aria-label=\"\u201cLaisvos darbo vietos\u201d (Redaguoti)\">Laisvos darbo vietos<\/a><\/li>\n<li><a class=\"row-title\" href=\"https:\/\/www.lakstingala.vilnius.lm.lt\/?page_id=1078\" aria-label=\"\u201cNaujienlai\u0161kis \u201eSVEIKOS AT\u017dAL\u0116L\u0116S\u201d\u201d (Redaguoti)\">Naujienlai\u0161kis \u201eSVEIKOS AT\u017dAL\u0116L\u0116S\u201d<\/a><\/li>\n<li><a class=\"row-title\" href=\"https:\/\/www.lakstingala.vilnius.lm.lt\/?page_id=3289\" aria-label=\"\u201cStraipsniai\u201d (Redaguoti)\">Straipsniai<\/a><\/li>\n<li><a class=\"row-title\" href=\"https:\/\/www.lakstingala.vilnius.lm.lt\/?page_id=3289\" aria-label=\"\u201cPrie\u0161mokyklinis ugdymas\u201d (Redaguoti)\">Prie\u0161mokyklinis ugdymas<\/a><\/li>\n<li><a class=\"row-title\" href=\"https:\/\/www.lakstingala.vilnius.lm.lt\/?page_id=4551\" aria-label=\"\u201cRekomendacijos t\u0117vams apie pirmok\u0173 adaptacij\u0105\u201d (Redaguoti)\">Rekomendacijos t\u0117vams apie pirmok\u0173 adaptacij\u0105<\/a><\/li>\n<li><a class=\"row-title\" href=\"https:\/\/www.lakstingala.vilnius.lm.lt\/?page_id=2862\" aria-label=\"\u201cCOVID-19\u201d (Redaguoti)\">COVID-19<\/a><\/li>\n<\/ul>\n","protected":false},"excerpt":{"rendered":"<p>Asmens duomen\u0173 apsauga Bendra informacija Dienotvark\u0117 L\u0117\u0161os dar\u017eelio remontui Maitinimas Mokes\u010dio tvarka u\u017e vaiko i\u0161laikym\u0105 dar\u017eelyje Smurtas artimoje aplinkoje Korupcijos prevencija Dovan\u0173 politika Vilniaus lop\u0161elio-dar\u017eelio \u201eLak\u0161tingala\u201c informacini\u0173 ir komunikacini\u0173 technologij\u0173 naudojimo bei darbuotoj\u0173 steb\u0117senos ir kontrol\u0117s darbo vietoje tvarkos apra\u0161as &hellip; <a href=\"https:\/\/www.lakstingala.vilnius.lm.lt\/?page_id=74\">Skaitykite toliau <span class=\"meta-nav\">&rarr;<\/span><\/a><\/p>\n","protected":false},"author":1,"featured_media":0,"parent":0,"menu_order":6,"comment_status":"closed","ping_status":"closed","template":"","meta":{"ngg_post_thumbnail":0,"footnotes":""},"_links":{"self":[{"href":"https:\/\/www.lakstingala.vilnius.lm.lt\/index.php?rest_route=\/wp\/v2\/pages\/74"}],"collection":[{"href":"https:\/\/www.lakstingala.vilnius.lm.lt\/index.php?rest_route=\/wp\/v2\/pages"}],"about":[{"href":"https:\/\/www.lakstingala.vilnius.lm.lt\/index.php?rest_route=\/wp\/v2\/types\/page"}],"author":[{"embeddable":true,"href":"https:\/\/www.lakstingala.vilnius.lm.lt\/index.php?rest_route=\/wp\/v2\/users\/1"}],"replies":[{"embeddable":true,"href":"https:\/\/www.lakstingala.vilnius.lm.lt\/index.php?rest_route=%2Fwp%2Fv2%2Fcomments&post=74"}],"version-history":[{"count":24,"href":"https:\/\/www.lakstingala.vilnius.lm.lt\/index.php?rest_route=\/wp\/v2\/pages\/74\/revisions"}],"predecessor-version":[{"id":5087,"href":"https:\/\/www.lakstingala.vilnius.lm.lt\/index.php?rest_route=\/wp\/v2\/pages\/74\/revisions\/5087"}],"wp:attachment":[{"href":"https:\/\/www.lakstingala.vilnius.lm.lt\/index.php?rest_route=%2Fwp%2Fv2%2Fmedia&parent=74"}],"curies":[{"name":"wp","href":"https:\/\/api.w.org\/{rel}","templated":true}]}}