{"id":8,"date":"2015-10-21T09:19:24","date_gmt":"2015-10-21T06:19:24","guid":{"rendered":"http:\/\/www.lakstingala.vilnius.lm.lt\/?page_id=8"},"modified":"2025-03-06T15:23:16","modified_gmt":"2025-03-06T13:23:16","slug":"veikla","status":"publish","type":"page","link":"https:\/\/www.lakstingala.vilnius.lm.lt\/?page_id=8","title":{"rendered":"Veikla"},"content":{"rendered":"<ul>\n<li><a class=\"row-title\" href=\"https:\/\/www.lakstingala.vilnius.lm.lt\/?page_id=2674\" aria-label=\"\u201cDar\u017eelio nuostatai\u201d (Redaguoti)\">Dar\u017eelio nuostatai<\/a><\/li>\n<li><a class=\"row-title\" href=\"https:\/\/www.lakstingala.vilnius.lm.lt\/?page_id=4565\" aria-label=\"\u201cUgdymo programos\u201d (Redaguoti)\">Ugdymo programos<\/a><a class=\"row-title\" href=\"https:\/\/www.lakstingala.vilnius.lm.lt\/wp-admin\/post.php?post=1887&amp;action=edit\" aria-label=\"\u201cVeiklos ataskaitos\u201d (Redaguoti)\">&nbsp;<\/a><\/li>\n<li><a class=\"row-title\" href=\"https:\/\/www.lakstingala.vilnius.lm.lt\/?page_id=1887\" aria-label=\"\u201cVeiklos ataskaitos\u201d (Redaguoti)\">Veiklos ataskaitos<\/a><\/li>\n<li><a class=\"row-title\" href=\"https:\/\/www.lakstingala.vilnius.lm.lt\/?page_id=4769\" aria-label=\"\u201c\u012etraukusis ugdymas\u201d (Redaguoti)\">\u012etraukusis ugdymas<\/a>&nbsp;<\/li>\n<li>&nbsp; &nbsp;<a class=\"row-title\" href=\"https:\/\/www.lakstingala.vilnius.lm.lt\/?page_id=4771\" aria-label=\"\u201c\u0160vietimo pagalbos specialistai\u201d (Redaguoti)\">\u0160vietimo pagalbos specialistai<\/a><\/li>\n<li>&nbsp; &nbsp;<a class=\"row-title\" href=\"https:\/\/www.lakstingala.vilnius.lm.lt\/?page_id=4773\" aria-label=\"\u201cAplinkos pritaikymas\u201d (Redaguoti)\">Aplinkos pritaikymas<\/a><\/li>\n<li>&nbsp; &nbsp;<a class=\"row-title\" href=\"https:\/\/www.lakstingala.vilnius.lm.lt\/?page_id=4775\" aria-label=\"\u201cBendruomen\u0117s pasirengimas\u201d (Redaguoti)\">Bendruomen\u0117s pasirengimas<\/a><\/li>\n<li><a class=\"row-title\" href=\"https:\/\/www.lakstingala.vilnius.lm.lt\/?page_id=3259\" aria-label=\"\u201cNuotolinis ugdymas\u201d (Redaguoti)\">Nuotolinis ugdymas<\/a><\/li>\n<li><a class=\"row-title\" href=\"https:\/\/www.lakstingala.vilnius.lm.lt\/?page_id=2751\" aria-label=\"\u201cSavivaldos institucijos\u201d (Redaguoti)\">Savivaldos institucijos<\/a><\/li>\n<li><a class=\"row-title\" href=\"https:\/\/www.lakstingala.vilnius.lm.lt\/?page_id=38\" aria-label=\"\u201cPlanavimo dokumentai\u201d (Redaguoti)\">Planavimo dokumentai<\/a><\/li>\n<li><a class=\"row-title\" href=\"https:\/\/www.lakstingala.vilnius.lm.lt\/?page_id=834\" aria-label=\"\u201cDarbo u\u017emokestis\u201d (Redaguoti)\">Darbo u\u017emokestis<\/a><\/li>\n<li><a class=\"row-title\" href=\"https:\/\/www.lakstingala.vilnius.lm.lt\/?page_id=49\" aria-label=\"\u201cVie\u0161ieji pirkimai\u201d (Redaguoti)\">Vie\u0161ieji pirkimai<\/a><\/li>\n<li><a class=\"row-title\" href=\"https:\/\/www.lakstingala.vilnius.lm.lt\/?page_id=256\" aria-label=\"\u201cFinansini\u0173 ataskait\u0173 rinkiniai\u201d (Redaguoti)\">Finansini\u0173 ataskait\u0173 rinkiniai<\/a><\/li>\n<li><a class=\"row-title\" href=\"https:\/\/www.lakstingala.vilnius.lm.lt\/?page_id=2924\" aria-label=\"\u201cBiud\u017eeto vykdymo ataskait\u0173 rinkiniai\u201d (Redaguoti)\">Biud\u017eeto vykdymo ataskait\u0173 rinkiniai<\/a><\/li>\n<\/ul>\n","protected":false},"excerpt":{"rendered":"<p>Dar\u017eelio nuostatai Ugdymo programos&nbsp; Veiklos ataskaitos \u012etraukusis ugdymas&nbsp; &nbsp; &nbsp;\u0160vietimo pagalbos specialistai &nbsp; &nbsp;Aplinkos pritaikymas &nbsp; &nbsp;Bendruomen\u0117s pasirengimas Nuotolinis ugdymas Savivaldos institucijos Planavimo dokumentai Darbo u\u017emokestis Vie\u0161ieji pirkimai Finansini\u0173 ataskait\u0173 rinkiniai Biud\u017eeto vykdymo ataskait\u0173 rinkiniai<\/p>\n","protected":false},"author":1,"featured_media":0,"parent":0,"menu_order":2,"comment_status":"closed","ping_status":"closed","template":"","meta":{"ngg_post_thumbnail":0,"footnotes":""},"_links":{"self":[{"href":"https:\/\/www.lakstingala.vilnius.lm.lt\/index.php?rest_route=\/wp\/v2\/pages\/8"}],"collection":[{"href":"https:\/\/www.lakstingala.vilnius.lm.lt\/index.php?rest_route=\/wp\/v2\/pages"}],"about":[{"href":"https:\/\/www.lakstingala.vilnius.lm.lt\/index.php?rest_route=\/wp\/v2\/types\/page"}],"author":[{"embeddable":true,"href":"https:\/\/www.lakstingala.vilnius.lm.lt\/index.php?rest_route=\/wp\/v2\/users\/1"}],"replies":[{"embeddable":true,"href":"https:\/\/www.lakstingala.vilnius.lm.lt\/index.php?rest_route=%2Fwp%2Fv2%2Fcomments&post=8"}],"version-history":[{"count":11,"href":"https:\/\/www.lakstingala.vilnius.lm.lt\/index.php?rest_route=\/wp\/v2\/pages\/8\/revisions"}],"predecessor-version":[{"id":34,"href":"https:\/\/www.lakstingala.vilnius.lm.lt\/index.php?rest_route=\/wp\/v2\/pages\/8\/revisions\/34"}],"wp:attachment":[{"href":"https:\/\/www.lakstingala.vilnius.lm.lt\/index.php?rest_route=%2Fwp%2Fv2%2Fmedia&parent=8"}],"curies":[{"name":"wp","href":"https:\/\/api.w.org\/{rel}","templated":true}]}}