{"id":834,"date":"2017-05-05T12:37:11","date_gmt":"2017-05-05T09:37:11","guid":{"rendered":"http:\/\/www.lakstingala.vilnius.lm.lt\/?page_id=834"},"modified":"2026-04-01T10:49:55","modified_gmt":"2026-04-01T07:49:55","slug":"darbo-uzmokestis","status":"publish","type":"page","link":"https:\/\/www.lakstingala.vilnius.lm.lt\/?page_id=834","title":{"rendered":"Darbo u\u017emokestis"},"content":{"rendered":"<h1 class=\"h3title\"><a href=\"https:\/\/vilnius.lt\/savivaldybe\/administracine-informacija\/darbo-uzmokestis\/svietimo-istaigu-darbuotoju-atlyginimai-2025-m-1\">\u0160vietimo \u012fstaig\u0173 darbuotoj\u0173 2025 m. atlyginimai<\/a><\/h1>\n<p>&nbsp;<\/p>\n","protected":false},"excerpt":{"rendered":"<p>\u0160vietimo \u012fstaig\u0173 darbuotoj\u0173 2025 m. atlyginimai &nbsp;<\/p>\n","protected":false},"author":1,"featured_media":0,"parent":8,"menu_order":5,"comment_status":"closed","ping_status":"closed","template":"","meta":{"ngg_post_thumbnail":0,"footnotes":""},"_links":{"self":[{"href":"https:\/\/www.lakstingala.vilnius.lm.lt\/index.php?rest_route=\/wp\/v2\/pages\/834"}],"collection":[{"href":"https:\/\/www.lakstingala.vilnius.lm.lt\/index.php?rest_route=\/wp\/v2\/pages"}],"about":[{"href":"https:\/\/www.lakstingala.vilnius.lm.lt\/index.php?rest_route=\/wp\/v2\/types\/page"}],"author":[{"embeddable":true,"href":"https:\/\/www.lakstingala.vilnius.lm.lt\/index.php?rest_route=\/wp\/v2\/users\/1"}],"replies":[{"embeddable":true,"href":"https:\/\/www.lakstingala.vilnius.lm.lt\/index.php?rest_route=%2Fwp%2Fv2%2Fcomments&post=834"}],"version-history":[{"count":10,"href":"https:\/\/www.lakstingala.vilnius.lm.lt\/index.php?rest_route=\/wp\/v2\/pages\/834\/revisions"}],"predecessor-version":[{"id":5144,"href":"https:\/\/www.lakstingala.vilnius.lm.lt\/index.php?rest_route=\/wp\/v2\/pages\/834\/revisions\/5144"}],"up":[{"embeddable":true,"href":"https:\/\/www.lakstingala.vilnius.lm.lt\/index.php?rest_route=\/wp\/v2\/pages\/8"}],"wp:attachment":[{"href":"https:\/\/www.lakstingala.vilnius.lm.lt\/index.php?rest_route=%2Fwp%2Fv2%2Fmedia&parent=834"}],"curies":[{"name":"wp","href":"https:\/\/api.w.org\/{rel}","templated":true}]}}